{"id":46231,"date":"2025-06-18T10:55:22","date_gmt":"2025-06-18T10:55:22","guid":{"rendered":"https:\/\/zl.jewelry\/product\/rope-tefnut\/"},"modified":"2025-09-26T18:26:27","modified_gmt":"2025-09-26T18:26:27","slug":"rope-tefnut","status":"publish","type":"product","link":"https:\/\/zl.jewelry\/pl\/product\/rope-tefnut\/","title":{"rendered":"Sznur &#8222;Tefnut&#8221;"},"content":{"rendered":"<p>Niebieski sznur z zamkiem. Zamkni\u0119cie stanowi pude\u0142eczko z bia\u0142ego z\u0142ota, z jednym zamkiem, rodowane. Waga zale\u017cy od \u015brednicy i ilo\u015bci wk\u0142adek, przy \u015brednicy linki 4 mm, waga z\u0142ota w bi\u017cuterii 2,86 grama. Wz&oacute;r mo\u017ce by\u0107 zmieniony zgodnie z \u017cyczeniem klienta.<\/p>\n<p>_x000D_<\/p>\n","protected":false},"excerpt":{"rendered":"<p>Niebieski sznur z zamkiem. Zamkni\u0119cie stanowi pude\u0142eczko z bia\u0142ego z\u0142ota, z jednym zamkiem, rodowane. Waga zale\u017cy od \u015brednicy i ilo\u015bci wk\u0142adek, przy \u015brednicy linki 4 mm, waga z\u0142ota w bi\u017cuterii 2,86 grama. Wz&oacute;r mo\u017ce by\u0107 zmieniony zgodnie z \u017cyczeniem klienta. _x000D_<\/p>\n","protected":false},"featured_media":46232,"template":"","meta":{"_acf_changed":false},"product_brand":[],"product_cat":[496,497,499],"product_tag":[],"class_list":{"0":"post-46231","1":"product","2":"type-product","3":"status-publish","4":"has-post-thumbnail","6":"product_cat-jewelry-laces-pl","7":"product_cat-childrens-womens-pl","8":"product_cat-nylon-mens-pl","10":"first","11":"instock","12":"product-type-simple"},"acf":[],"_links":{"self":[{"href":"https:\/\/zl.jewelry\/pl\/wp-json\/wp\/v2\/product\/46231","targetHints":{"allow":["GET"]}}],"collection":[{"href":"https:\/\/zl.jewelry\/pl\/wp-json\/wp\/v2\/product"}],"about":[{"href":"https:\/\/zl.jewelry\/pl\/wp-json\/wp\/v2\/types\/product"}],"wp:featuredmedia":[{"embeddable":true,"href":"https:\/\/zl.jewelry\/pl\/wp-json\/wp\/v2\/media\/46232"}],"wp:attachment":[{"href":"https:\/\/zl.jewelry\/pl\/wp-json\/wp\/v2\/media?parent=46231"}],"wp:term":[{"taxonomy":"product_brand","embeddable":true,"href":"https:\/\/zl.jewelry\/pl\/wp-json\/wp\/v2\/product_brand?post=46231"},{"taxonomy":"product_cat","embeddable":true,"href":"https:\/\/zl.jewelry\/pl\/wp-json\/wp\/v2\/product_cat?post=46231"},{"taxonomy":"product_tag","embeddable":true,"href":"https:\/\/zl.jewelry\/pl\/wp-json\/wp\/v2\/product_tag?post=46231"}],"curies":[{"name":"wp","href":"https:\/\/api.w.org\/{rel}","templated":true}]}}