{"id":46219,"date":"2025-06-18T10:55:27","date_gmt":"2025-06-18T10:55:27","guid":{"rendered":"https:\/\/zl.jewelry\/product\/rope-classic\/"},"modified":"2025-09-26T18:26:34","modified_gmt":"2025-09-26T18:26:34","slug":"rope-classic","status":"publish","type":"product","link":"https:\/\/zl.jewelry\/pl\/product\/rope-classic\/","title":{"rendered":"Sznur &#8222;Klasyk\u0119&#8221;"},"content":{"rendered":"<p style=\"margin: 0px; font-style: normal; font-variant-caps: normal; font-stretch: normal; font-size: 13px; line-height: normal; font-family: &quot;Helvetica Neue&quot;; font-size-adjust: none; font-kerning: auto; font-variant-alternates: normal; font-variant-ligatures: normal; font-variant-numeric: normal; font-variant-east-asian: normal; font-variant-position: normal; font-variant-emoji: normal; font-feature-settings: normal; font-optical-sizing: auto; font-variation-settings: normal;\"><b>Z\u0142ota bi\u017cuteria sznurowa &bdquo;Klasyka&rdquo; <\/b>&ndash; to uciele\u015bnienie wyrafinowania i ponadczasowej elegancji. Idealne po\u0142\u0105czenie tradycji i nowoczesnego designu sprawia, \u017ce ten dodatek jest uniwersaln\u0105 ozdob\u0105, kt&oacute;ra podkre\u015bli Tw&oacute;j styl w ka\u017cdej sytuacji. &nbsp;<\/p>\n<p>_x000D_<br \/>\n_x000D_<\/p>\n<p style=\"margin: 0px; font-style: normal; font-variant-caps: normal; font-stretch: normal; font-size: 13px; line-height: normal; font-family: &quot;Helvetica Neue&quot;; font-size-adjust: none; font-kerning: auto; font-variant-alternates: normal; font-variant-ligatures: normal; font-variant-numeric: normal; font-variant-east-asian: normal; font-variant-position: normal; font-variant-emoji: normal; font-feature-settings: normal; font-optical-sizing: auto; font-variation-settings: normal; min-height: 15px;\">&nbsp;<\/p>\n<p>_x000D_<br \/>\n_x000D_<\/p>\n<p style=\"margin: 0px; font-style: normal; font-variant-caps: normal; font-stretch: normal; font-size: 13px; line-height: normal; font-family: &quot;Helvetica Neue&quot;; font-size-adjust: none; font-kerning: auto; font-variant-alternates: normal; font-variant-ligatures: normal; font-variant-numeric: normal; font-variant-east-asian: normal; font-variant-position: normal; font-variant-emoji: normal; font-feature-settings: normal; font-optical-sizing: auto; font-variation-settings: normal;\">Wykonana z wysokiej jako\u015bci z\u0142ota, bransoleta sznurowa charakteryzuje si\u0119 delikatnymi splotami, kt&oacute;re symbolizuj\u0105 harmoni\u0119 i jedno\u015b\u0107. Jej klasyczny design pasuje zar&oacute;wno do codziennych stylizacji, jak i na specjalne okazje, dodaj\u0105c nut\u0119 luksusu i wyrafinowania. &nbsp;<\/p>\n<p>_x000D_<br \/>\n_x000D_<\/p>\n<p style=\"margin: 0px; font-style: normal; font-variant-caps: normal; font-stretch: normal; font-size: 13px; line-height: normal; font-family: &quot;Helvetica Neue&quot;; font-size-adjust: none; font-kerning: auto; font-variant-alternates: normal; font-variant-ligatures: normal; font-variant-numeric: normal; font-variant-east-asian: normal; font-variant-position: normal; font-variant-emoji: normal; font-feature-settings: normal; font-optical-sizing: auto; font-variation-settings: normal; min-height: 16px;\">&nbsp;<\/p>\n<p>_x000D_<br \/>\n_x000D_<\/p>\n<p style=\"margin: 0px; font-style: normal; font-variant-caps: normal; font-stretch: normal; font-size: 13px; line-height: normal; font-family: &quot;Helvetica Neue&quot;; font-size-adjust: none; font-kerning: auto; font-variant-alternates: normal; font-variant-ligatures: normal; font-variant-numeric: normal; font-variant-east-asian: normal; font-variant-position: normal; font-variant-emoji: normal; font-feature-settings: normal; font-optical-sizing: auto; font-variation-settings: normal;\"><b>Dlaczego warto wybra\u0107 &bdquo;Klasyk\u0119&rdquo;: <\/b>&nbsp;<\/p>\n<p>_x000D_<br \/>\n_x000D_<\/p>\n<p style=\"margin: 0px; font-style: normal; font-variant-caps: normal; font-stretch: normal; font-size: 13px; line-height: normal; font-family: &quot;Helvetica Neue&quot;; font-size-adjust: none; font-kerning: auto; font-variant-alternates: normal; font-variant-ligatures: normal; font-variant-numeric: normal; font-variant-east-asian: normal; font-variant-position: normal; font-variant-emoji: normal; font-feature-settings: normal; font-optical-sizing: auto; font-variation-settings: normal;\">&#8211;<b> Uniwersalno\u015b\u0107: <\/b>pasuje do ka\u017cdego stylu i doskonale komponuje si\u0119 z inn\u0105 bi\u017cuteri\u0105. &nbsp;<\/p>\n<p>_x000D_<br \/>\n_x000D_<\/p>\n<p style=\"margin: 0px; font-style: normal; font-variant-caps: normal; font-stretch: normal; font-size: 13px; line-height: normal; font-family: &quot;Helvetica Neue&quot;; font-size-adjust: none; font-kerning: auto; font-variant-alternates: normal; font-variant-ligatures: normal; font-variant-numeric: normal; font-variant-east-asian: normal; font-variant-position: normal; font-variant-emoji: normal; font-feature-settings: normal; font-optical-sizing: auto; font-variation-settings: normal;\">&#8211;<b> Symbolika: <\/b>sploty sznura symbolizuj\u0105 silne wi\u0119zi i harmoni\u0119. &nbsp;<\/p>\n<p>_x000D_<br \/>\n_x000D_<\/p>\n<p style=\"margin: 0px; font-style: normal; font-variant-caps: normal; font-stretch: normal; font-size: 13px; line-height: normal; font-family: &quot;Helvetica Neue&quot;; font-size-adjust: none; font-kerning: auto; font-variant-alternates: normal; font-variant-ligatures: normal; font-variant-numeric: normal; font-variant-east-asian: normal; font-variant-position: normal; font-variant-emoji: normal; font-feature-settings: normal; font-optical-sizing: auto; font-variation-settings: normal; min-height: 15px;\">&nbsp;<\/p>\n<p>_x000D_<br \/>\n_x000D_<\/p>\n<p style=\"margin: 0px; font-style: normal; font-variant-caps: normal; font-stretch: normal; font-size: 13px; line-height: normal; font-family: &quot;Helvetica Neue&quot;; font-size-adjust: none; font-kerning: auto; font-variant-alternates: normal; font-variant-ligatures: normal; font-variant-numeric: normal; font-variant-east-asian: normal; font-variant-position: normal; font-variant-emoji: normal; font-feature-settings: normal; font-optical-sizing: auto; font-variation-settings: normal;\">Podaruj sobie lub swoim bliskim z\u0142ot\u0105 bi\u017cuteri\u0119 sznurow\u0105 &bdquo;Klasyka&rdquo; &ndash; to nie tylko ozdoba, ale symbol trwa\u0142ych warto\u015bci i nieskazitelnego smaku.<\/p>\n<p>_x000D_<\/p>\n","protected":false},"excerpt":{"rendered":"<p>Z\u0142ota bi\u017cuteria sznurowa &bdquo;Klasyka&rdquo; &ndash; to uciele\u015bnienie wyrafinowania i ponadczasowej elegancji. Idealne po\u0142\u0105czenie tradycji i nowoczesnego designu sprawia, \u017ce ten dodatek jest uniwersaln\u0105 ozdob\u0105, kt&oacute;ra podkre\u015bli Tw&oacute;j styl w ka\u017cdej sytuacji. &nbsp; _x000D_ _x000D_ &nbsp; _x000D_ _x000D_ Wykonana z wysokiej jako\u015bci z\u0142ota, bransoleta sznurowa charakteryzuje si\u0119 delikatnymi splotami, kt&oacute;re symbolizuj\u0105 harmoni\u0119 i jedno\u015b\u0107. Jej klasyczny&#8230;<\/p>\n","protected":false},"featured_media":46220,"template":"","meta":{"_acf_changed":false},"product_brand":[],"product_cat":[497,499,496],"product_tag":[],"class_list":{"0":"post-46219","1":"product","2":"type-product","3":"status-publish","4":"has-post-thumbnail","6":"product_cat-childrens-womens-pl","7":"product_cat-nylon-mens-pl","8":"product_cat-jewelry-laces-pl","10":"first","11":"instock","12":"product-type-simple"},"acf":[],"_links":{"self":[{"href":"https:\/\/zl.jewelry\/pl\/wp-json\/wp\/v2\/product\/46219","targetHints":{"allow":["GET"]}}],"collection":[{"href":"https:\/\/zl.jewelry\/pl\/wp-json\/wp\/v2\/product"}],"about":[{"href":"https:\/\/zl.jewelry\/pl\/wp-json\/wp\/v2\/types\/product"}],"wp:featuredmedia":[{"embeddable":true,"href":"https:\/\/zl.jewelry\/pl\/wp-json\/wp\/v2\/media\/46220"}],"wp:attachment":[{"href":"https:\/\/zl.jewelry\/pl\/wp-json\/wp\/v2\/media?parent=46219"}],"wp:term":[{"taxonomy":"product_brand","embeddable":true,"href":"https:\/\/zl.jewelry\/pl\/wp-json\/wp\/v2\/product_brand?post=46219"},{"taxonomy":"product_cat","embeddable":true,"href":"https:\/\/zl.jewelry\/pl\/wp-json\/wp\/v2\/product_cat?post=46219"},{"taxonomy":"product_tag","embeddable":true,"href":"https:\/\/zl.jewelry\/pl\/wp-json\/wp\/v2\/product_tag?post=46219"}],"curies":[{"name":"wp","href":"https:\/\/api.w.org\/{rel}","templated":true}]}}