{"id":46210,"date":"2025-06-18T10:55:27","date_gmt":"2025-06-18T10:55:27","guid":{"rendered":"https:\/\/zl.jewelry\/product\/chain-power-of-faith\/"},"modified":"2025-09-26T18:26:34","modified_gmt":"2025-09-26T18:26:34","slug":"chain-power-of-faith","status":"publish","type":"product","link":"https:\/\/zl.jewelry\/pl\/product\/chain-power-of-faith\/","title":{"rendered":"\u0141a\u0144cuch &#8222;Mocy Wiary&#8221;"},"content":{"rendered":"<p>\u0141a\u0144cuch w kolorze czerwonego z\u0142ota, pokryty czarn\u0105 emali\u0105. Zamek to pojedyncze pude\u0142ko blokuj\u0105ce. Waga zale\u017cy od zmiany rozmiapl. Wz&oacute;r bi\u017cuterii mo\u017cna zmieni\u0107 zgodnie z \u017cyczeniem klienta.&nbsp;<\/p>\n<p>_x000D_<br \/>\n_x000D_<\/p>\n<p>&nbsp;<\/p>\n<p>_x000D_<\/p>\n","protected":false},"excerpt":{"rendered":"<p>\u0141a\u0144cuch w kolorze czerwonego z\u0142ota, pokryty czarn\u0105 emali\u0105. Zamek to pojedyncze pude\u0142ko blokuj\u0105ce. Waga zale\u017cy od zmiany rozmiapl. Wz&oacute;r bi\u017cuterii mo\u017cna zmieni\u0107 zgodnie z \u017cyczeniem klienta.&nbsp; _x000D_ _x000D_ &nbsp; _x000D_<\/p>\n","protected":false},"featured_media":46211,"template":"","meta":{"_acf_changed":false},"product_brand":[],"product_cat":[490,495,493,494],"product_tag":[],"class_list":{"0":"post-46210","1":"product","2":"type-product","3":"status-publish","4":"has-post-thumbnail","6":"product_cat-gold-chains","7":"product_cat-gold-chains-up-to-50-gr-pl","8":"product_cat-mens-chains-pl","9":"product_cat-womens-chains-pl","11":"first","12":"instock","13":"product-type-simple"},"acf":[],"_links":{"self":[{"href":"https:\/\/zl.jewelry\/pl\/wp-json\/wp\/v2\/product\/46210","targetHints":{"allow":["GET"]}}],"collection":[{"href":"https:\/\/zl.jewelry\/pl\/wp-json\/wp\/v2\/product"}],"about":[{"href":"https:\/\/zl.jewelry\/pl\/wp-json\/wp\/v2\/types\/product"}],"wp:featuredmedia":[{"embeddable":true,"href":"https:\/\/zl.jewelry\/pl\/wp-json\/wp\/v2\/media\/46211"}],"wp:attachment":[{"href":"https:\/\/zl.jewelry\/pl\/wp-json\/wp\/v2\/media?parent=46210"}],"wp:term":[{"taxonomy":"product_brand","embeddable":true,"href":"https:\/\/zl.jewelry\/pl\/wp-json\/wp\/v2\/product_brand?post=46210"},{"taxonomy":"product_cat","embeddable":true,"href":"https:\/\/zl.jewelry\/pl\/wp-json\/wp\/v2\/product_cat?post=46210"},{"taxonomy":"product_tag","embeddable":true,"href":"https:\/\/zl.jewelry\/pl\/wp-json\/wp\/v2\/product_tag?post=46210"}],"curies":[{"name":"wp","href":"https:\/\/api.w.org\/{rel}","templated":true}]}}