{"id":46190,"date":"2025-06-18T10:55:27","date_gmt":"2025-06-18T10:55:27","guid":{"rendered":"https:\/\/zl.jewelry\/product\/icons-icon-of-st-catherine-and-virgin-mary\/"},"modified":"2025-09-26T18:26:32","modified_gmt":"2025-09-26T18:26:32","slug":"icons-icon-of-st-catherine-and-virgin-mary","status":"publish","type":"product","link":"https:\/\/zl.jewelry\/pl\/product\/icons-icon-of-st-catherine-and-virgin-mary\/","title":{"rendered":"Ikony &#8222;Ikona \u015bw. Katarzyny i Naj\u015bwi\u0119tszej Maryi Panny&#8221;"},"content":{"rendered":"<p>Ikona z czerwonego z\u0142ota o wadze 7,46 grama. Z jednej strony twarz \u015bw. Katarzyny, z dplgiej Matki Bo\u017cej. Wysoko\u015b\u0107 ikony bez ucha wynosi 23 mm, szeroko\u015b\u0107 17,52 mm.<\/p>\n","protected":false},"excerpt":{"rendered":"<p>Ikona z czerwonego z\u0142ota o wadze 7,46 grama. Z jednej strony twarz \u015bw. Katarzyny, z dplgiej Matki Bo\u017cej. Wysoko\u015b\u0107 ikony bez ucha wynosi 23 mm, szeroko\u015b\u0107 17,52 mm.<\/p>\n","protected":false},"featured_media":46191,"template":"","meta":{"_acf_changed":false},"product_brand":[],"product_cat":[500,501],"product_tag":[],"class_list":{"0":"post-46190","1":"product","2":"type-product","3":"status-publish","4":"has-post-thumbnail","6":"product_cat-golden-icons-pl","7":"product_cat-baby-icons-pl","9":"first","10":"instock","11":"product-type-simple"},"acf":[],"_links":{"self":[{"href":"https:\/\/zl.jewelry\/pl\/wp-json\/wp\/v2\/product\/46190","targetHints":{"allow":["GET"]}}],"collection":[{"href":"https:\/\/zl.jewelry\/pl\/wp-json\/wp\/v2\/product"}],"about":[{"href":"https:\/\/zl.jewelry\/pl\/wp-json\/wp\/v2\/types\/product"}],"wp:featuredmedia":[{"embeddable":true,"href":"https:\/\/zl.jewelry\/pl\/wp-json\/wp\/v2\/media\/46191"}],"wp:attachment":[{"href":"https:\/\/zl.jewelry\/pl\/wp-json\/wp\/v2\/media?parent=46190"}],"wp:term":[{"taxonomy":"product_brand","embeddable":true,"href":"https:\/\/zl.jewelry\/pl\/wp-json\/wp\/v2\/product_brand?post=46190"},{"taxonomy":"product_cat","embeddable":true,"href":"https:\/\/zl.jewelry\/pl\/wp-json\/wp\/v2\/product_cat?post=46190"},{"taxonomy":"product_tag","embeddable":true,"href":"https:\/\/zl.jewelry\/pl\/wp-json\/wp\/v2\/product_tag?post=46190"}],"curies":[{"name":"wp","href":"https:\/\/api.w.org\/{rel}","templated":true}]}}