{"id":46184,"date":"2025-06-18T10:55:27","date_gmt":"2025-06-18T10:55:27","guid":{"rendered":"https:\/\/zl.jewelry\/product\/cross-element\/"},"modified":"2025-09-26T18:26:31","modified_gmt":"2025-09-26T18:26:31","slug":"cross-element","status":"publish","type":"product","link":"https:\/\/zl.jewelry\/pl\/product\/cross-element\/","title":{"rendered":"Krzy\u017c &#8222;Element&#8221;"},"content":{"rendered":"<p>Krzy\u017c na drewnie Eben, czerwone z\u0142oto, waga 19,23 g, wysoko\u015b\u0107 50 mm bez ucha. Na przedniej stronie znajduje si\u0119 ukrzy\u017cowanie, na tylnej stronie w centrum znajduje si\u0119 Archanio\u0142 Micha\u0142, po bokach wizerunki \u015bwi\u0119tych. Ucho ma wzory po obu stronach. Wk\u0142adki boczne maj\u0105 anio\u0142y z przodu i wzory z ty\u0142u..<\/p>\n","protected":false},"excerpt":{"rendered":"<p>Krzy\u017c na drewnie Eben, czerwone z\u0142oto, waga 19,23 g, wysoko\u015b\u0107 50 mm bez ucha. Na przedniej stronie znajduje si\u0119 ukrzy\u017cowanie, na tylnej stronie w centrum znajduje si\u0119 Archanio\u0142 Micha\u0142, po bokach wizerunki \u015bwi\u0119tych. Ucho ma wzory po obu stronach. Wk\u0142adki boczne maj\u0105 anio\u0142y z przodu i wzory z ty\u0142u..<\/p>\n","protected":false},"featured_media":36067,"template":"","meta":{"_acf_changed":false},"product_brand":[],"product_cat":[511,510,504],"product_tag":[],"class_list":{"0":"post-46184","1":"product","2":"type-product","3":"status-publish","4":"has-post-thumbnail","6":"product_cat-on-an-ebony-tree-2-pl","7":"product_cat-mens-crosses-pl","8":"product_cat-golden-crosses-pl","10":"first","11":"instock","12":"product-type-simple"},"acf":[],"_links":{"self":[{"href":"https:\/\/zl.jewelry\/pl\/wp-json\/wp\/v2\/product\/46184","targetHints":{"allow":["GET"]}}],"collection":[{"href":"https:\/\/zl.jewelry\/pl\/wp-json\/wp\/v2\/product"}],"about":[{"href":"https:\/\/zl.jewelry\/pl\/wp-json\/wp\/v2\/types\/product"}],"wp:featuredmedia":[{"embeddable":true,"href":"https:\/\/zl.jewelry\/pl\/wp-json\/wp\/v2\/media\/36067"}],"wp:attachment":[{"href":"https:\/\/zl.jewelry\/pl\/wp-json\/wp\/v2\/media?parent=46184"}],"wp:term":[{"taxonomy":"product_brand","embeddable":true,"href":"https:\/\/zl.jewelry\/pl\/wp-json\/wp\/v2\/product_brand?post=46184"},{"taxonomy":"product_cat","embeddable":true,"href":"https:\/\/zl.jewelry\/pl\/wp-json\/wp\/v2\/product_cat?post=46184"},{"taxonomy":"product_tag","embeddable":true,"href":"https:\/\/zl.jewelry\/pl\/wp-json\/wp\/v2\/product_tag?post=46184"}],"curies":[{"name":"wp","href":"https:\/\/api.w.org\/{rel}","templated":true}]}}