{"id":46182,"date":"2025-06-18T10:55:32","date_gmt":"2025-06-18T10:55:32","guid":{"rendered":"https:\/\/zl.jewelry\/product\/bracelet-strength\/"},"modified":"2026-05-13T12:32:02","modified_gmt":"2026-05-13T12:32:02","slug":"bracelet-strength","status":"publish","type":"product","link":"https:\/\/zl.jewelry\/pl\/product\/bracelet-strength\/","title":{"rendered":"Bransoletka &#8222;Si\u0142a ducha&#8221;"},"content":{"rendered":"<section class=\"l-section wpb_row height_small\"><div class=\"l-section-h i-cf\"><div class=\"g-cols vc_row via_flex valign_top type_default stacking_default\"><div class=\"vc_col-sm-12 wpb_column vc_column_container\"><div class=\"vc_column-inner\"><div class=\"wpb_wrapper\"><div class=\"wpb_text_column\"><div class=\"wpb_wrapper\"><p>Bransoletka z czerwonego z\u0142ota. Przy rozmiarze 20 waga z\u0142ota w bi\u017cuterii wynosi 17,73 grama. \u015arednica medalionu wynosi 16 mm, z jednej strony w centrum znajduj\u0105 si\u0119 inicja\u0142y, a na odwrocie wizerunek \u015bw. Plecionka na bransolecie bismarck, szeroko\u015b\u0107 4,5 grama.<\/p>\n<\/div><\/div><\/div><\/div><\/div><\/div><\/div><\/section>\n","protected":false},"excerpt":{"rendered":"Bransoletka z czerwonego z\u0142ota. Przy rozmiarze 20 waga z\u0142ota w bi\u017cuterii wynosi 17,73 grama. \u015arednica medalionu wynosi 16 mm, z jednej strony w centrum znajduj\u0105 si\u0119 inicja\u0142y, a na odwrocie wizerunek \u015bw. Plecionka na bransolecie bismarck, szeroko\u015b\u0107 4,5 grama.","protected":false},"featured_media":46183,"template":"","meta":{"_acf_changed":false},"product_brand":[],"product_cat":[557,560],"product_tag":[],"class_list":{"0":"post-46182","1":"product","2":"type-product","3":"status-publish","4":"has-post-thumbnail","6":"product_cat-bracelets-pl","7":"product_cat-gold-bracelets-up-to-30-gr-pl","9":"first","10":"instock","11":"product-type-simple"},"acf":[],"_links":{"self":[{"href":"https:\/\/zl.jewelry\/pl\/wp-json\/wp\/v2\/product\/46182","targetHints":{"allow":["GET"]}}],"collection":[{"href":"https:\/\/zl.jewelry\/pl\/wp-json\/wp\/v2\/product"}],"about":[{"href":"https:\/\/zl.jewelry\/pl\/wp-json\/wp\/v2\/types\/product"}],"wp:featuredmedia":[{"embeddable":true,"href":"https:\/\/zl.jewelry\/pl\/wp-json\/wp\/v2\/media\/46183"}],"wp:attachment":[{"href":"https:\/\/zl.jewelry\/pl\/wp-json\/wp\/v2\/media?parent=46182"}],"wp:term":[{"taxonomy":"product_brand","embeddable":true,"href":"https:\/\/zl.jewelry\/pl\/wp-json\/wp\/v2\/product_brand?post=46182"},{"taxonomy":"product_cat","embeddable":true,"href":"https:\/\/zl.jewelry\/pl\/wp-json\/wp\/v2\/product_cat?post=46182"},{"taxonomy":"product_tag","embeddable":true,"href":"https:\/\/zl.jewelry\/pl\/wp-json\/wp\/v2\/product_tag?post=46182"}],"curies":[{"name":"wp","href":"https:\/\/api.w.org\/{rel}","templated":true}]}}