{"id":46180,"date":"2025-06-18T10:55:32","date_gmt":"2025-06-18T10:55:32","guid":{"rendered":"https:\/\/zl.jewelry\/product\/wedding-rings-halves-3\/"},"modified":"2025-09-26T18:26:40","modified_gmt":"2025-09-26T18:26:40","slug":"wedding-rings-halves-3","status":"publish","type":"product","link":"https:\/\/zl.jewelry\/pl\/product\/wedding-rings-halves-3\/","title":{"rendered":"Obr\u0105czki \u015blubne &#8222;Po\u0142\u00f3wki&#8221;"},"content":{"rendered":"<p>Obr\u0105czki \u015blubne w kolorze czerwonego i bia\u0142ego z\u0142ota o pr&oacute;bie 585*. Obr\u0105czki maj\u0105 6mm szeroko\u015bci. Kamienie na damskiej 3 sztuki, \u015brednica 1.5mm, brylanty.<\/p>\n<p>_x000D_<\/p>\n","protected":false},"excerpt":{"rendered":"<p>Obr\u0105czki \u015blubne w kolorze czerwonego i bia\u0142ego z\u0142ota o pr&oacute;bie 585*. Obr\u0105czki maj\u0105 6mm szeroko\u015bci. Kamienie na damskiej 3 sztuki, \u015brednica 1.5mm, brylanty. _x000D_<\/p>\n","protected":false},"featured_media":46181,"template":"","meta":{"_acf_changed":false},"product_brand":[],"product_cat":[528,530],"product_tag":[],"class_list":{"0":"post-46180","1":"product","2":"type-product","3":"status-publish","4":"has-post-thumbnail","6":"product_cat-wedding-rings-pl","7":"product_cat-combined-wedding-rings-pl","9":"first","10":"instock","11":"product-type-simple"},"acf":[],"_links":{"self":[{"href":"https:\/\/zl.jewelry\/pl\/wp-json\/wp\/v2\/product\/46180","targetHints":{"allow":["GET"]}}],"collection":[{"href":"https:\/\/zl.jewelry\/pl\/wp-json\/wp\/v2\/product"}],"about":[{"href":"https:\/\/zl.jewelry\/pl\/wp-json\/wp\/v2\/types\/product"}],"wp:featuredmedia":[{"embeddable":true,"href":"https:\/\/zl.jewelry\/pl\/wp-json\/wp\/v2\/media\/46181"}],"wp:attachment":[{"href":"https:\/\/zl.jewelry\/pl\/wp-json\/wp\/v2\/media?parent=46180"}],"wp:term":[{"taxonomy":"product_brand","embeddable":true,"href":"https:\/\/zl.jewelry\/pl\/wp-json\/wp\/v2\/product_brand?post=46180"},{"taxonomy":"product_cat","embeddable":true,"href":"https:\/\/zl.jewelry\/pl\/wp-json\/wp\/v2\/product_cat?post=46180"},{"taxonomy":"product_tag","embeddable":true,"href":"https:\/\/zl.jewelry\/pl\/wp-json\/wp\/v2\/product_tag?post=46180"}],"curies":[{"name":"wp","href":"https:\/\/api.w.org\/{rel}","templated":true}]}}