{"id":46162,"date":"2025-06-18T10:55:32","date_gmt":"2025-06-18T10:55:32","guid":{"rendered":"https:\/\/zl.jewelry\/product\/black-rope-with-a-lock\/"},"modified":"2025-09-26T18:26:38","modified_gmt":"2025-09-26T18:26:38","slug":"black-rope-with-a-lock","status":"publish","type":"product","link":"https:\/\/zl.jewelry\/pl\/product\/black-rope-with-a-lock\/","title":{"rendered":"Sznur czarny z zamkiem"},"content":{"rendered":"<p>Smycz Juvelrny, ze z\u0142otym zamkiem, waga zale\u017cy od \u015brednicy wk\u0142adek i ich ilo\u015bci, przy \u015brednicy linki 4 mm waga z\u0142ota 4,50 grama. Zamek pude\u0142kowy z jedn\u0105 blokad\u0105.<\/p>\n","protected":false},"excerpt":{"rendered":"<p>Smycz Juvelrny, ze z\u0142otym zamkiem, waga zale\u017cy od \u015brednicy wk\u0142adek i ich ilo\u015bci, przy \u015brednicy linki 4 mm waga z\u0142ota 4,50 grama. Zamek pude\u0142kowy z jedn\u0105 blokad\u0105.<\/p>\n","protected":false},"featured_media":46163,"template":"","meta":{"_acf_changed":false},"product_brand":[],"product_cat":[496,497],"product_tag":[],"class_list":{"0":"post-46162","1":"product","2":"type-product","3":"status-publish","4":"has-post-thumbnail","6":"product_cat-jewelry-laces-pl","7":"product_cat-childrens-womens-pl","9":"first","10":"instock","11":"product-type-simple"},"acf":[],"_links":{"self":[{"href":"https:\/\/zl.jewelry\/pl\/wp-json\/wp\/v2\/product\/46162","targetHints":{"allow":["GET"]}}],"collection":[{"href":"https:\/\/zl.jewelry\/pl\/wp-json\/wp\/v2\/product"}],"about":[{"href":"https:\/\/zl.jewelry\/pl\/wp-json\/wp\/v2\/types\/product"}],"wp:featuredmedia":[{"embeddable":true,"href":"https:\/\/zl.jewelry\/pl\/wp-json\/wp\/v2\/media\/46163"}],"wp:attachment":[{"href":"https:\/\/zl.jewelry\/pl\/wp-json\/wp\/v2\/media?parent=46162"}],"wp:term":[{"taxonomy":"product_brand","embeddable":true,"href":"https:\/\/zl.jewelry\/pl\/wp-json\/wp\/v2\/product_brand?post=46162"},{"taxonomy":"product_cat","embeddable":true,"href":"https:\/\/zl.jewelry\/pl\/wp-json\/wp\/v2\/product_cat?post=46162"},{"taxonomy":"product_tag","embeddable":true,"href":"https:\/\/zl.jewelry\/pl\/wp-json\/wp\/v2\/product_tag?post=46162"}],"curies":[{"name":"wp","href":"https:\/\/api.w.org\/{rel}","templated":true}]}}