{"id":46148,"date":"2025-06-18T10:55:32","date_gmt":"2025-06-18T10:55:32","guid":{"rendered":"https:\/\/zl.jewelry\/product\/chain-magic-of-time\/"},"modified":"2025-09-26T18:26:37","modified_gmt":"2025-09-26T18:26:37","slug":"chain-magic-of-time","status":"publish","type":"product","link":"https:\/\/zl.jewelry\/pl\/product\/chain-magic-of-time\/","title":{"rendered":"\u0141a\u0144cuch &#8222;Magia czasu&#8221;"},"content":{"rendered":"<p>Kolia w kolorze bia\u0142ego i \u017c\u00f3\u0142tego z\u0142ota pr\u00f3by 585*. Waga wynosi 100 gram\u00f3w przy d\u0142ugo\u015bci 55 cm, waga jest izmiryanyasya w zale\u017cno\u015bci od d\u0142ugo\u015bci. W \u0142a\u0144cuszku 295 diament\u00f3w o wielko\u015bci 1,25 mm. Na 5 ogniwach imiona, z ty\u0142u data urodzenia, ogniwa pokryte czarn\u0105 i niebiesk\u0105 emali\u0105.<\/p>\n","protected":false},"excerpt":{"rendered":"<p>Kolia w kolorze bia\u0142ego i \u017c\u00f3\u0142tego z\u0142ota pr\u00f3by 585*. Waga wynosi 100 gram\u00f3w przy d\u0142ugo\u015bci 55 cm, waga jest izmiryanyasya w zale\u017cno\u015bci od d\u0142ugo\u015bci. W \u0142a\u0144cuszku 295 diament\u00f3w o wielko\u015bci 1,25 mm. Na 5 ogniwach imiona, z ty\u0142u data urodzenia, ogniwa pokryte czarn\u0105 i niebiesk\u0105 emali\u0105.<\/p>\n","protected":false},"featured_media":46149,"template":"","meta":{"_acf_changed":false},"product_brand":[],"product_cat":[490,492,493,494],"product_tag":[],"class_list":{"0":"post-46148","1":"product","2":"type-product","3":"status-publish","4":"has-post-thumbnail","6":"product_cat-gold-chains","7":"product_cat-gold-chain-from-50-gr-pl","8":"product_cat-mens-chains-pl","9":"product_cat-womens-chains-pl","11":"first","12":"instock","13":"product-type-simple"},"acf":[],"_links":{"self":[{"href":"https:\/\/zl.jewelry\/pl\/wp-json\/wp\/v2\/product\/46148","targetHints":{"allow":["GET"]}}],"collection":[{"href":"https:\/\/zl.jewelry\/pl\/wp-json\/wp\/v2\/product"}],"about":[{"href":"https:\/\/zl.jewelry\/pl\/wp-json\/wp\/v2\/types\/product"}],"wp:featuredmedia":[{"embeddable":true,"href":"https:\/\/zl.jewelry\/pl\/wp-json\/wp\/v2\/media\/46149"}],"wp:attachment":[{"href":"https:\/\/zl.jewelry\/pl\/wp-json\/wp\/v2\/media?parent=46148"}],"wp:term":[{"taxonomy":"product_brand","embeddable":true,"href":"https:\/\/zl.jewelry\/pl\/wp-json\/wp\/v2\/product_brand?post=46148"},{"taxonomy":"product_cat","embeddable":true,"href":"https:\/\/zl.jewelry\/pl\/wp-json\/wp\/v2\/product_cat?post=46148"},{"taxonomy":"product_tag","embeddable":true,"href":"https:\/\/zl.jewelry\/pl\/wp-json\/wp\/v2\/product_tag?post=46148"}],"curies":[{"name":"wp","href":"https:\/\/api.w.org\/{rel}","templated":true}]}}