{"id":46144,"date":"2025-06-18T10:55:32","date_gmt":"2025-06-18T10:55:32","guid":{"rendered":"https:\/\/zl.jewelry\/product\/chain-nikita\/"},"modified":"2025-09-26T18:26:36","modified_gmt":"2025-09-26T18:26:36","slug":"chain-nikita","status":"publish","type":"product","link":"https:\/\/zl.jewelry\/pl\/product\/chain-nikita\/","title":{"rendered":"\u0141a\u0144cuszek &#8222;Nikita&#8221;"},"content":{"rendered":"<p>\u0141a\u0144cuszek z czerwonego z\u0142ota pr&oacute;by 585*, o d\u0142ugo\u015bci 65 cm, waga z\u0142ota w \u0142a\u0144cuszku to 59,15 grama. Na du\u017cym ogniwie imi\u0119 &quot;Nikita&quot; pod czarn\u0105 emali\u0105, kolejne 3 ma\u0142e ogniwa ze znakiem zodiaku ryby. Zapi\u0119cie ma kszta\u0142t ogniwa.<\/p>\n<p>_x000D_<\/p>\n","protected":false},"excerpt":{"rendered":"<p>\u0141a\u0144cuszek z czerwonego z\u0142ota pr&oacute;by 585*, o d\u0142ugo\u015bci 65 cm, waga z\u0142ota w \u0142a\u0144cuszku to 59,15 grama. Na du\u017cym ogniwie imi\u0119 &quot;Nikita&quot; pod czarn\u0105 emali\u0105, kolejne 3 ma\u0142e ogniwa ze znakiem zodiaku ryby. Zapi\u0119cie ma kszta\u0142t ogniwa. _x000D_<\/p>\n","protected":false},"featured_media":46145,"template":"","meta":{"_acf_changed":false},"product_brand":[],"product_cat":[490,495,493],"product_tag":[],"class_list":{"0":"post-46144","1":"product","2":"type-product","3":"status-publish","4":"has-post-thumbnail","6":"product_cat-gold-chains","7":"product_cat-gold-chains-up-to-50-gr-pl","8":"product_cat-mens-chains-pl","10":"first","11":"instock","12":"product-type-simple"},"acf":[],"_links":{"self":[{"href":"https:\/\/zl.jewelry\/pl\/wp-json\/wp\/v2\/product\/46144","targetHints":{"allow":["GET"]}}],"collection":[{"href":"https:\/\/zl.jewelry\/pl\/wp-json\/wp\/v2\/product"}],"about":[{"href":"https:\/\/zl.jewelry\/pl\/wp-json\/wp\/v2\/types\/product"}],"wp:featuredmedia":[{"embeddable":true,"href":"https:\/\/zl.jewelry\/pl\/wp-json\/wp\/v2\/media\/46145"}],"wp:attachment":[{"href":"https:\/\/zl.jewelry\/pl\/wp-json\/wp\/v2\/media?parent=46144"}],"wp:term":[{"taxonomy":"product_brand","embeddable":true,"href":"https:\/\/zl.jewelry\/pl\/wp-json\/wp\/v2\/product_brand?post=46144"},{"taxonomy":"product_cat","embeddable":true,"href":"https:\/\/zl.jewelry\/pl\/wp-json\/wp\/v2\/product_cat?post=46144"},{"taxonomy":"product_tag","embeddable":true,"href":"https:\/\/zl.jewelry\/pl\/wp-json\/wp\/v2\/product_tag?post=46144"}],"curies":[{"name":"wp","href":"https:\/\/api.w.org\/{rel}","templated":true}]}}