{"id":46136,"date":"2025-06-18T10:55:38","date_gmt":"2025-06-18T10:55:38","guid":{"rendered":"https:\/\/zl.jewelry\/product\/chain-trailin\/"},"modified":"2025-09-26T18:26:45","modified_gmt":"2025-09-26T18:26:45","slug":"chain-trailin","status":"publish","type":"product","link":"https:\/\/zl.jewelry\/pl\/product\/chain-trailin\/","title":{"rendered":"\u0141a\u0144cuch &#8222;Tralin&#8221;"},"content":{"rendered":"<p>R\u0119cznie pleciony \u0142a\u0144cuszek &quot;Arabian Bismarck&quot; w kolorze czerwonego z\u0142ota. Zamek to pude\u0142ko z pojedynczym zamkiem. Waga r&oacute;\u017cni si\u0119 w zale\u017cno\u015bci od rozmiaru. Wz&oacute;r mo\u017ce by\u0107 zmieniony zgodnie z \u017cyczeniem klienta.<\/p>\n<p>_x000D_<\/p>\n","protected":false},"excerpt":{"rendered":"<p>R\u0119cznie pleciony \u0142a\u0144cuszek &quot;Arabian Bismarck&quot; w kolorze czerwonego z\u0142ota. Zamek to pude\u0142ko z pojedynczym zamkiem. Waga r&oacute;\u017cni si\u0119 w zale\u017cno\u015bci od rozmiaru. Wz&oacute;r mo\u017ce by\u0107 zmieniony zgodnie z \u017cyczeniem klienta. _x000D_<\/p>\n","protected":false},"featured_media":46137,"template":"","meta":{"_acf_changed":false},"product_brand":[],"product_cat":[490,495,493,494],"product_tag":[],"class_list":{"0":"post-46136","1":"product","2":"type-product","3":"status-publish","4":"has-post-thumbnail","6":"product_cat-gold-chains","7":"product_cat-gold-chains-up-to-50-gr-pl","8":"product_cat-mens-chains-pl","9":"product_cat-womens-chains-pl","11":"first","12":"instock","13":"product-type-simple"},"acf":[],"_links":{"self":[{"href":"https:\/\/zl.jewelry\/pl\/wp-json\/wp\/v2\/product\/46136","targetHints":{"allow":["GET"]}}],"collection":[{"href":"https:\/\/zl.jewelry\/pl\/wp-json\/wp\/v2\/product"}],"about":[{"href":"https:\/\/zl.jewelry\/pl\/wp-json\/wp\/v2\/types\/product"}],"wp:featuredmedia":[{"embeddable":true,"href":"https:\/\/zl.jewelry\/pl\/wp-json\/wp\/v2\/media\/46137"}],"wp:attachment":[{"href":"https:\/\/zl.jewelry\/pl\/wp-json\/wp\/v2\/media?parent=46136"}],"wp:term":[{"taxonomy":"product_brand","embeddable":true,"href":"https:\/\/zl.jewelry\/pl\/wp-json\/wp\/v2\/product_brand?post=46136"},{"taxonomy":"product_cat","embeddable":true,"href":"https:\/\/zl.jewelry\/pl\/wp-json\/wp\/v2\/product_cat?post=46136"},{"taxonomy":"product_tag","embeddable":true,"href":"https:\/\/zl.jewelry\/pl\/wp-json\/wp\/v2\/product_tag?post=46136"}],"curies":[{"name":"wp","href":"https:\/\/api.w.org\/{rel}","templated":true}]}}