{"id":46130,"date":"2025-06-18T10:55:38","date_gmt":"2025-06-18T10:55:38","guid":{"rendered":"https:\/\/zl.jewelry\/product\/chain-grinner\/"},"modified":"2025-09-26T18:26:44","modified_gmt":"2025-09-26T18:26:44","slug":"chain-grinner","status":"publish","type":"product","link":"https:\/\/zl.jewelry\/pl\/product\/chain-grinner\/","title":{"rendered":"\u0141a\u0144cuch &#8222;Grinner&#8221;"},"content":{"rendered":"<p>\u0141a\u0144cuszek z czerwonego i bia\u0142ego z\u0142ota z sze\u015bciok\u0105tnym zamkiem. Wstawki z bia\u0142ego z\u0142ota s\u0105 rodowane. Na zamku&nbsp; osadzone s\u0105 kamienie o przybli\u017conej \u015brednicy 1,5 mm. Waga r&oacute;\u017cni si\u0119 w zale\u017cno\u015bci od rozmiaru. Wz&oacute;r mo\u017ce by\u0107 zmieniony zgodnie z \u017cyczeniem klienta.<\/p>\n<p>_x000D_<\/p>\n","protected":false},"excerpt":{"rendered":"<p>\u0141a\u0144cuszek z czerwonego i bia\u0142ego z\u0142ota z sze\u015bciok\u0105tnym zamkiem. Wstawki z bia\u0142ego z\u0142ota s\u0105 rodowane. Na zamku&nbsp; osadzone s\u0105 kamienie o przybli\u017conej \u015brednicy 1,5 mm. Waga r&oacute;\u017cni si\u0119 w zale\u017cno\u015bci od rozmiaru. Wz&oacute;r mo\u017ce by\u0107 zmieniony zgodnie z \u017cyczeniem klienta. _x000D_<\/p>\n","protected":false},"featured_media":46131,"template":"","meta":{"_acf_changed":false},"product_brand":[],"product_cat":[493,490,492],"product_tag":[],"class_list":{"0":"post-46130","1":"product","2":"type-product","3":"status-publish","4":"has-post-thumbnail","6":"product_cat-mens-chains-pl","7":"product_cat-gold-chains","8":"product_cat-gold-chain-from-50-gr-pl","10":"first","11":"instock","12":"product-type-simple"},"acf":[],"_links":{"self":[{"href":"https:\/\/zl.jewelry\/pl\/wp-json\/wp\/v2\/product\/46130","targetHints":{"allow":["GET"]}}],"collection":[{"href":"https:\/\/zl.jewelry\/pl\/wp-json\/wp\/v2\/product"}],"about":[{"href":"https:\/\/zl.jewelry\/pl\/wp-json\/wp\/v2\/types\/product"}],"wp:featuredmedia":[{"embeddable":true,"href":"https:\/\/zl.jewelry\/pl\/wp-json\/wp\/v2\/media\/46131"}],"wp:attachment":[{"href":"https:\/\/zl.jewelry\/pl\/wp-json\/wp\/v2\/media?parent=46130"}],"wp:term":[{"taxonomy":"product_brand","embeddable":true,"href":"https:\/\/zl.jewelry\/pl\/wp-json\/wp\/v2\/product_brand?post=46130"},{"taxonomy":"product_cat","embeddable":true,"href":"https:\/\/zl.jewelry\/pl\/wp-json\/wp\/v2\/product_cat?post=46130"},{"taxonomy":"product_tag","embeddable":true,"href":"https:\/\/zl.jewelry\/pl\/wp-json\/wp\/v2\/product_tag?post=46130"}],"curies":[{"name":"wp","href":"https:\/\/api.w.org\/{rel}","templated":true}]}}