{"id":46126,"date":"2025-06-18T10:55:38","date_gmt":"2025-06-18T10:55:38","guid":{"rendered":"https:\/\/zl.jewelry\/product\/chain-snell\/"},"modified":"2025-09-26T18:26:44","modified_gmt":"2025-09-26T18:26:44","slug":"chain-snell","status":"publish","type":"product","link":"https:\/\/zl.jewelry\/pl\/product\/chain-snell\/","title":{"rendered":"\u0141a\u0144cuch &#8222;Snell&#8221;"},"content":{"rendered":"<p>\u0141a\u0144cuszek Glamour Bismarck &quot; w kolorze czerwonego z\u0142ota, zapi\u0119cie na karabi\u0144czyk. Waga zmienia si\u0119 wraz ze zmian\u0105 rozmiaru. Wz&oacute;r mo\u017cna zmieni\u0107 zgodnie z \u017cyczeniem klienta.&nbsp;<\/p>\n<p>_x000D_<\/p>\n","protected":false},"excerpt":{"rendered":"<p>\u0141a\u0144cuszek Glamour Bismarck &quot; w kolorze czerwonego z\u0142ota, zapi\u0119cie na karabi\u0144czyk. Waga zmienia si\u0119 wraz ze zmian\u0105 rozmiaru. Wz&oacute;r mo\u017cna zmieni\u0107 zgodnie z \u017cyczeniem klienta.&nbsp; _x000D_<\/p>\n","protected":false},"featured_media":46127,"template":"","meta":{"_acf_changed":false},"product_brand":[],"product_cat":[490,495,494],"product_tag":[],"class_list":{"0":"post-46126","1":"product","2":"type-product","3":"status-publish","4":"has-post-thumbnail","6":"product_cat-gold-chains","7":"product_cat-gold-chains-up-to-50-gr-pl","8":"product_cat-womens-chains-pl","10":"first","11":"instock","12":"product-type-simple"},"acf":[],"_links":{"self":[{"href":"https:\/\/zl.jewelry\/pl\/wp-json\/wp\/v2\/product\/46126","targetHints":{"allow":["GET"]}}],"collection":[{"href":"https:\/\/zl.jewelry\/pl\/wp-json\/wp\/v2\/product"}],"about":[{"href":"https:\/\/zl.jewelry\/pl\/wp-json\/wp\/v2\/types\/product"}],"wp:featuredmedia":[{"embeddable":true,"href":"https:\/\/zl.jewelry\/pl\/wp-json\/wp\/v2\/media\/46127"}],"wp:attachment":[{"href":"https:\/\/zl.jewelry\/pl\/wp-json\/wp\/v2\/media?parent=46126"}],"wp:term":[{"taxonomy":"product_brand","embeddable":true,"href":"https:\/\/zl.jewelry\/pl\/wp-json\/wp\/v2\/product_brand?post=46126"},{"taxonomy":"product_cat","embeddable":true,"href":"https:\/\/zl.jewelry\/pl\/wp-json\/wp\/v2\/product_cat?post=46126"},{"taxonomy":"product_tag","embeddable":true,"href":"https:\/\/zl.jewelry\/pl\/wp-json\/wp\/v2\/product_tag?post=46126"}],"curies":[{"name":"wp","href":"https:\/\/api.w.org\/{rel}","templated":true}]}}