{"id":46118,"date":"2025-06-18T10:55:38","date_gmt":"2025-06-18T10:55:38","guid":{"rendered":"https:\/\/zl.jewelry\/product\/chain-claimhest\/"},"modified":"2025-09-26T18:26:43","modified_gmt":"2025-09-26T18:26:43","slug":"chain-claimhest","status":"publish","type":"product","link":"https:\/\/zl.jewelry\/pl\/product\/chain-claimhest\/","title":{"rendered":"\u0141a\u0144cuch &#8222;Claymest&#8221;"},"content":{"rendered":"<p>\u0141a\u0144cuch &quot;Splot sznurkowy&quot; lub tkania &quot;Ursula&quot; w kolorze czerwonego z\u0142ota. Waga mo\u017ce ulec zmianie. Wz&oacute;r mo\u017ce zosta\u0107 zmieniony&nbsp;na \u017cyczenie klienta.&nbsp;<\/p>\n<p>_x000D_<\/p>\n","protected":false},"excerpt":{"rendered":"<p>\u0141a\u0144cuch &quot;Splot sznurkowy&quot; lub tkania &quot;Ursula&quot; w kolorze czerwonego z\u0142ota. Waga mo\u017ce ulec zmianie. Wz&oacute;r mo\u017ce zosta\u0107 zmieniony&nbsp;na \u017cyczenie klienta.&nbsp; _x000D_<\/p>\n","protected":false},"featured_media":61358,"template":"","meta":{"_acf_changed":false},"product_brand":[],"product_cat":[490,492,493,494],"product_tag":[],"class_list":{"0":"post-46118","1":"product","2":"type-product","3":"status-publish","4":"has-post-thumbnail","6":"product_cat-gold-chains","7":"product_cat-gold-chain-from-50-gr-pl","8":"product_cat-mens-chains-pl","9":"product_cat-womens-chains-pl","11":"first","12":"instock","13":"product-type-simple"},"acf":[],"_links":{"self":[{"href":"https:\/\/zl.jewelry\/pl\/wp-json\/wp\/v2\/product\/46118","targetHints":{"allow":["GET"]}}],"collection":[{"href":"https:\/\/zl.jewelry\/pl\/wp-json\/wp\/v2\/product"}],"about":[{"href":"https:\/\/zl.jewelry\/pl\/wp-json\/wp\/v2\/types\/product"}],"wp:featuredmedia":[{"embeddable":true,"href":"https:\/\/zl.jewelry\/pl\/wp-json\/wp\/v2\/media\/61358"}],"wp:attachment":[{"href":"https:\/\/zl.jewelry\/pl\/wp-json\/wp\/v2\/media?parent=46118"}],"wp:term":[{"taxonomy":"product_brand","embeddable":true,"href":"https:\/\/zl.jewelry\/pl\/wp-json\/wp\/v2\/product_brand?post=46118"},{"taxonomy":"product_cat","embeddable":true,"href":"https:\/\/zl.jewelry\/pl\/wp-json\/wp\/v2\/product_cat?post=46118"},{"taxonomy":"product_tag","embeddable":true,"href":"https:\/\/zl.jewelry\/pl\/wp-json\/wp\/v2\/product_tag?post=46118"}],"curies":[{"name":"wp","href":"https:\/\/api.w.org\/{rel}","templated":true}]}}