{"id":46116,"date":"2025-06-18T10:55:38","date_gmt":"2025-06-18T10:55:38","guid":{"rendered":"https:\/\/zl.jewelry\/product\/anchor-chain-with-white-figured-inserts\/"},"modified":"2025-09-26T18:26:43","modified_gmt":"2025-09-26T18:26:43","slug":"anchor-chain-with-white-figured-inserts","status":"publish","type":"product","link":"https:\/\/zl.jewelry\/pl\/product\/anchor-chain-with-white-figured-inserts\/","title":{"rendered":"\u0141a\u0144cuch kotwiczny z bia\u0142ymi wstawkami figuralnymi"},"content":{"rendered":"<p>\u0141a\u0144cuch z kotwic\u0105 z czerwonego z\u0142ota z wstawkami z bia\u0142ego z\u0142ota. Zamek jest zamkiem skrzynkowym z pojedyncz\u0105 blokad\u0105. Wstawki z bia\u0142ego z\u0142ota s\u0105 rodowane. Waga z\u0142ota r\u00f3\u017cni si\u0119 w zale\u017cno\u015bci od rozmiaru bi\u017cuterii. Wz\u00f3r bi\u017cuterii mo\u017ce zosta\u0107 zmieniony na \u017cyczenie klienta.&nbsp;<\/p>\n","protected":false},"excerpt":{"rendered":"<p>\u0141a\u0144cuch z kotwic\u0105 z czerwonego z\u0142ota z wstawkami z bia\u0142ego z\u0142ota. Zamek jest zamkiem skrzynkowym z pojedyncz\u0105 blokad\u0105. Wstawki z bia\u0142ego z\u0142ota s\u0105 rodowane. Waga z\u0142ota r\u00f3\u017cni si\u0119 w zale\u017cno\u015bci od rozmiaru bi\u017cuterii. Wz\u00f3r bi\u017cuterii mo\u017ce zosta\u0107 zmieniony na \u017cyczenie klienta.&nbsp;<\/p>\n","protected":false},"featured_media":46117,"template":"","meta":{"_acf_changed":false},"product_brand":[],"product_cat":[490,492,493],"product_tag":[],"class_list":{"0":"post-46116","1":"product","2":"type-product","3":"status-publish","4":"has-post-thumbnail","6":"product_cat-gold-chains","7":"product_cat-gold-chain-from-50-gr-pl","8":"product_cat-mens-chains-pl","10":"first","11":"instock","12":"product-type-simple"},"acf":[],"_links":{"self":[{"href":"https:\/\/zl.jewelry\/pl\/wp-json\/wp\/v2\/product\/46116","targetHints":{"allow":["GET"]}}],"collection":[{"href":"https:\/\/zl.jewelry\/pl\/wp-json\/wp\/v2\/product"}],"about":[{"href":"https:\/\/zl.jewelry\/pl\/wp-json\/wp\/v2\/types\/product"}],"wp:featuredmedia":[{"embeddable":true,"href":"https:\/\/zl.jewelry\/pl\/wp-json\/wp\/v2\/media\/46117"}],"wp:attachment":[{"href":"https:\/\/zl.jewelry\/pl\/wp-json\/wp\/v2\/media?parent=46116"}],"wp:term":[{"taxonomy":"product_brand","embeddable":true,"href":"https:\/\/zl.jewelry\/pl\/wp-json\/wp\/v2\/product_brand?post=46116"},{"taxonomy":"product_cat","embeddable":true,"href":"https:\/\/zl.jewelry\/pl\/wp-json\/wp\/v2\/product_cat?post=46116"},{"taxonomy":"product_tag","embeddable":true,"href":"https:\/\/zl.jewelry\/pl\/wp-json\/wp\/v2\/product_tag?post=46116"}],"curies":[{"name":"wp","href":"https:\/\/api.w.org\/{rel}","templated":true}]}}