{"id":46114,"date":"2025-06-18T10:55:38","date_gmt":"2025-06-18T10:55:38","guid":{"rendered":"https:\/\/zl.jewelry\/product\/chain-distela\/"},"modified":"2025-09-26T18:26:43","modified_gmt":"2025-09-26T18:26:43","slug":"chain-distela","status":"publish","type":"product","link":"https:\/\/zl.jewelry\/pl\/product\/chain-distela\/","title":{"rendered":"\u0141a\u0144cuch &#8222;Distela&#8221;"},"content":{"rendered":"<p>Lataj\u0105cy \u0142a\u0144cuszek z czerwonego z\u0142ota, zapi\u0119cie to karabi\u0144czyk. Waga z\u0142ota w \u0142a\u0144cuszku zale\u017cy od rozmiaru bi\u017cuterii. Wz&oacute;r mo\u017ce zosta\u0107 zmieniony na \u017cyczenie klienta.&nbsp;<\/p>\n<p>_x000D_<\/p>\n","protected":false},"excerpt":{"rendered":"<p>Lataj\u0105cy \u0142a\u0144cuszek z czerwonego z\u0142ota, zapi\u0119cie to karabi\u0144czyk. Waga z\u0142ota w \u0142a\u0144cuszku zale\u017cy od rozmiaru bi\u017cuterii. Wz&oacute;r mo\u017ce zosta\u0107 zmieniony na \u017cyczenie klienta.&nbsp; _x000D_<\/p>\n","protected":false},"featured_media":46115,"template":"","meta":{"_acf_changed":false},"product_brand":[],"product_cat":[493,490,495],"product_tag":[],"class_list":{"0":"post-46114","1":"product","2":"type-product","3":"status-publish","4":"has-post-thumbnail","6":"product_cat-mens-chains-pl","7":"product_cat-gold-chains","8":"product_cat-gold-chains-up-to-50-gr-pl","10":"first","11":"instock","12":"product-type-simple"},"acf":[],"_links":{"self":[{"href":"https:\/\/zl.jewelry\/pl\/wp-json\/wp\/v2\/product\/46114","targetHints":{"allow":["GET"]}}],"collection":[{"href":"https:\/\/zl.jewelry\/pl\/wp-json\/wp\/v2\/product"}],"about":[{"href":"https:\/\/zl.jewelry\/pl\/wp-json\/wp\/v2\/types\/product"}],"wp:featuredmedia":[{"embeddable":true,"href":"https:\/\/zl.jewelry\/pl\/wp-json\/wp\/v2\/media\/46115"}],"wp:attachment":[{"href":"https:\/\/zl.jewelry\/pl\/wp-json\/wp\/v2\/media?parent=46114"}],"wp:term":[{"taxonomy":"product_brand","embeddable":true,"href":"https:\/\/zl.jewelry\/pl\/wp-json\/wp\/v2\/product_brand?post=46114"},{"taxonomy":"product_cat","embeddable":true,"href":"https:\/\/zl.jewelry\/pl\/wp-json\/wp\/v2\/product_cat?post=46114"},{"taxonomy":"product_tag","embeddable":true,"href":"https:\/\/zl.jewelry\/pl\/wp-json\/wp\/v2\/product_tag?post=46114"}],"curies":[{"name":"wp","href":"https:\/\/api.w.org\/{rel}","templated":true}]}}