{"id":46098,"date":"2025-06-18T10:55:44","date_gmt":"2025-06-18T10:55:44","guid":{"rendered":"https:\/\/zl.jewelry\/product\/chain-chrisma-2\/"},"modified":"2025-09-26T18:26:50","modified_gmt":"2025-09-26T18:26:50","slug":"chain-chrisma-2","status":"publish","type":"product","link":"https:\/\/zl.jewelry\/pl\/product\/chain-chrisma-2\/","title":{"rendered":"\u0141a\u0144cuszek &#8222;Chrisma&#8221;"},"content":{"rendered":"<p>\u0141a\u0144cuszek z czerwonego z\u0142ota z odlewanymi ogniwami i karabi\u0144czykiem. Ogniwa s\u0105 wzorzyste, a zamek jest modelowany z poczwarkami po obu stronach.&nbsp; Projekt mo\u017cna zmieni\u0107 zgodnie z \u017cyczeniem klienta. Waga zale\u017cy od zmiany rozmiaru.&nbsp;<\/p>\n<p>_x000D_<\/p>\n","protected":false},"excerpt":{"rendered":"<p>\u0141a\u0144cuszek z czerwonego z\u0142ota z odlewanymi ogniwami i karabi\u0144czykiem. Ogniwa s\u0105 wzorzyste, a zamek jest modelowany z poczwarkami po obu stronach.&nbsp; Projekt mo\u017cna zmieni\u0107 zgodnie z \u017cyczeniem klienta. Waga zale\u017cy od zmiany rozmiaru.&nbsp; _x000D_<\/p>\n","protected":false},"featured_media":46099,"template":"","meta":{"_acf_changed":false},"product_brand":[],"product_cat":[490,492,493,494],"product_tag":[],"class_list":{"0":"post-46098","1":"product","2":"type-product","3":"status-publish","4":"has-post-thumbnail","6":"product_cat-gold-chains","7":"product_cat-gold-chain-from-50-gr-pl","8":"product_cat-mens-chains-pl","9":"product_cat-womens-chains-pl","11":"first","12":"instock","13":"product-type-simple"},"acf":[],"_links":{"self":[{"href":"https:\/\/zl.jewelry\/pl\/wp-json\/wp\/v2\/product\/46098","targetHints":{"allow":["GET"]}}],"collection":[{"href":"https:\/\/zl.jewelry\/pl\/wp-json\/wp\/v2\/product"}],"about":[{"href":"https:\/\/zl.jewelry\/pl\/wp-json\/wp\/v2\/types\/product"}],"wp:featuredmedia":[{"embeddable":true,"href":"https:\/\/zl.jewelry\/pl\/wp-json\/wp\/v2\/media\/46099"}],"wp:attachment":[{"href":"https:\/\/zl.jewelry\/pl\/wp-json\/wp\/v2\/media?parent=46098"}],"wp:term":[{"taxonomy":"product_brand","embeddable":true,"href":"https:\/\/zl.jewelry\/pl\/wp-json\/wp\/v2\/product_brand?post=46098"},{"taxonomy":"product_cat","embeddable":true,"href":"https:\/\/zl.jewelry\/pl\/wp-json\/wp\/v2\/product_cat?post=46098"},{"taxonomy":"product_tag","embeddable":true,"href":"https:\/\/zl.jewelry\/pl\/wp-json\/wp\/v2\/product_tag?post=46098"}],"curies":[{"name":"wp","href":"https:\/\/api.w.org\/{rel}","templated":true}]}}