{"id":46094,"date":"2025-06-18T10:55:44","date_gmt":"2025-06-18T10:55:44","guid":{"rendered":"https:\/\/zl.jewelry\/product\/anchor-chain-with-white-inserts\/"},"modified":"2025-09-26T18:26:50","modified_gmt":"2025-09-26T18:26:50","slug":"anchor-chain-with-white-inserts","status":"publish","type":"product","link":"https:\/\/zl.jewelry\/pl\/product\/anchor-chain-with-white-inserts\/","title":{"rendered":"\u0141a\u0144cuch kotwiczny z bia\u0142ymi wstawkami"},"content":{"rendered":"<p>Nietuzinkowy \u0142a\u0144cuszek o splocie kotwicy z inkrustacjami. \u0141a\u0144cuszek z czerwonego i bia\u0142ego z\u0142ota, rodowane na bia\u0142o wstawki, karabi\u0144czyk. Waga r\u00f3\u017cni si\u0119 w zale\u017cno\u015bci od zmiany rozmiaru. Wz\u00f3r mo\u017cna zmieni\u0107 zgodnie z \u017cyczeniem klienta.<\/p>\n","protected":false},"excerpt":{"rendered":"<p>Nietuzinkowy \u0142a\u0144cuszek o splocie kotwicy z inkrustacjami. \u0141a\u0144cuszek z czerwonego i bia\u0142ego z\u0142ota, rodowane na bia\u0142o wstawki, karabi\u0144czyk. Waga r\u00f3\u017cni si\u0119 w zale\u017cno\u015bci od zmiany rozmiaru. Wz\u00f3r mo\u017cna zmieni\u0107 zgodnie z \u017cyczeniem klienta.<\/p>\n","protected":false},"featured_media":46095,"template":"","meta":{"_acf_changed":false},"product_brand":[],"product_cat":[490,491,495,493],"product_tag":[],"class_list":{"0":"post-46094","1":"product","2":"type-product","3":"status-publish","4":"has-post-thumbnail","6":"product_cat-gold-chains","7":"product_cat-chains-for-children-pl","8":"product_cat-gold-chains-up-to-50-gr-pl","9":"product_cat-mens-chains-pl","11":"first","12":"instock","13":"product-type-simple"},"acf":[],"_links":{"self":[{"href":"https:\/\/zl.jewelry\/pl\/wp-json\/wp\/v2\/product\/46094","targetHints":{"allow":["GET"]}}],"collection":[{"href":"https:\/\/zl.jewelry\/pl\/wp-json\/wp\/v2\/product"}],"about":[{"href":"https:\/\/zl.jewelry\/pl\/wp-json\/wp\/v2\/types\/product"}],"wp:featuredmedia":[{"embeddable":true,"href":"https:\/\/zl.jewelry\/pl\/wp-json\/wp\/v2\/media\/46095"}],"wp:attachment":[{"href":"https:\/\/zl.jewelry\/pl\/wp-json\/wp\/v2\/media?parent=46094"}],"wp:term":[{"taxonomy":"product_brand","embeddable":true,"href":"https:\/\/zl.jewelry\/pl\/wp-json\/wp\/v2\/product_brand?post=46094"},{"taxonomy":"product_cat","embeddable":true,"href":"https:\/\/zl.jewelry\/pl\/wp-json\/wp\/v2\/product_cat?post=46094"},{"taxonomy":"product_tag","embeddable":true,"href":"https:\/\/zl.jewelry\/pl\/wp-json\/wp\/v2\/product_tag?post=46094"}],"curies":[{"name":"wp","href":"https:\/\/api.w.org\/{rel}","templated":true}]}}