{"id":46090,"date":"2025-06-18T10:55:44","date_gmt":"2025-06-18T10:55:44","guid":{"rendered":"https:\/\/zl.jewelry\/product\/chain-canon\/"},"modified":"2025-09-26T18:26:50","modified_gmt":"2025-09-26T18:26:50","slug":"chain-canon","status":"publish","type":"product","link":"https:\/\/zl.jewelry\/pl\/product\/chain-canon\/","title":{"rendered":"\u0141a\u0144cuch &#8222;Canon&#8221;"},"content":{"rendered":"<p>\u0141a\u0144cuszek &quot;Bismarck&quot; z wstawkami z czerwonego z\u0142ota. \u0141a\u0144cuch ma wstawki z motywem krzy\u017ca i napisem &quot;Save &amp; Preserve&quot;, kt&oacute;re s\u0105 pokryte czarn\u0105 emali\u0105. Zamek to pude\u0142ko z jednym zamkiem i zaokr\u0105glonym kszta\u0142tem. Wz&oacute;r mo\u017ce zosta\u0107 zmieniony zgodnie z \u017cyczeniem klienta. Waga r&oacute;\u017cni si\u0119 w zale\u017cno\u015bci od zmiany rozmiaru.<\/p>\n<p>_x000D_<\/p>\n","protected":false},"excerpt":{"rendered":"<p>\u0141a\u0144cuszek &quot;Bismarck&quot; z wstawkami z czerwonego z\u0142ota. \u0141a\u0144cuch ma wstawki z motywem krzy\u017ca i napisem &quot;Save &amp; Preserve&quot;, kt&oacute;re s\u0105 pokryte czarn\u0105 emali\u0105. Zamek to pude\u0142ko z jednym zamkiem i zaokr\u0105glonym kszta\u0142tem. Wz&oacute;r mo\u017ce zosta\u0107 zmieniony zgodnie z \u017cyczeniem klienta. Waga r&oacute;\u017cni si\u0119 w zale\u017cno\u015bci od zmiany rozmiaru. _x000D_<\/p>\n","protected":false},"featured_media":46091,"template":"","meta":{"_acf_changed":false},"product_brand":[],"product_cat":[490,492,493],"product_tag":[],"class_list":{"0":"post-46090","1":"product","2":"type-product","3":"status-publish","4":"has-post-thumbnail","6":"product_cat-gold-chains","7":"product_cat-gold-chain-from-50-gr-pl","8":"product_cat-mens-chains-pl","10":"first","11":"instock","12":"product-type-simple"},"acf":[],"_links":{"self":[{"href":"https:\/\/zl.jewelry\/pl\/wp-json\/wp\/v2\/product\/46090","targetHints":{"allow":["GET"]}}],"collection":[{"href":"https:\/\/zl.jewelry\/pl\/wp-json\/wp\/v2\/product"}],"about":[{"href":"https:\/\/zl.jewelry\/pl\/wp-json\/wp\/v2\/types\/product"}],"wp:featuredmedia":[{"embeddable":true,"href":"https:\/\/zl.jewelry\/pl\/wp-json\/wp\/v2\/media\/46091"}],"wp:attachment":[{"href":"https:\/\/zl.jewelry\/pl\/wp-json\/wp\/v2\/media?parent=46090"}],"wp:term":[{"taxonomy":"product_brand","embeddable":true,"href":"https:\/\/zl.jewelry\/pl\/wp-json\/wp\/v2\/product_brand?post=46090"},{"taxonomy":"product_cat","embeddable":true,"href":"https:\/\/zl.jewelry\/pl\/wp-json\/wp\/v2\/product_cat?post=46090"},{"taxonomy":"product_tag","embeddable":true,"href":"https:\/\/zl.jewelry\/pl\/wp-json\/wp\/v2\/product_tag?post=46090"}],"curies":[{"name":"wp","href":"https:\/\/api.w.org\/{rel}","templated":true}]}}