{"id":46088,"date":"2025-06-18T10:55:44","date_gmt":"2025-06-18T10:55:44","guid":{"rendered":"https:\/\/zl.jewelry\/product\/wedding-rings-odyssey-with-stones\/"},"modified":"2025-09-26T18:26:49","modified_gmt":"2025-09-26T18:26:49","slug":"wedding-rings-odyssey-with-stones","status":"publish","type":"product","link":"https:\/\/zl.jewelry\/pl\/product\/wedding-rings-odyssey-with-stones\/","title":{"rendered":"Obr\u0105czka \u015blubna &#8222;Odyseja&#8221; z kamieniami"},"content":{"rendered":"<p>Obr\u0105czki \u015blubne z czerwonego i bia\u0142ego z\u0142ota, podstawa z czerwonego, boki, kotwice i nawigatory z bia\u0142ego z\u0142ota pokrytego rodem. W przypadku obr\u0105czki m\u0119skiej boki s\u0105 g\u0142adkie, ale he\u0142my s\u0105 r&oacute;wnie\u017c wysadzane kamieniami. Kamienie mog\u0105 by\u0107 osadzone w dowolny spos&oacute;b. \u015arednica kamieni 1mm&nbsp; (52szt); 1.2mm (4szt)..<\/p>\n<p>_x000D_<\/p>\n","protected":false},"excerpt":{"rendered":"<p>Obr\u0105czki \u015blubne z czerwonego i bia\u0142ego z\u0142ota, podstawa z czerwonego, boki, kotwice i nawigatory z bia\u0142ego z\u0142ota pokrytego rodem. W przypadku obr\u0105czki m\u0119skiej boki s\u0105 g\u0142adkie, ale he\u0142my s\u0105 r&oacute;wnie\u017c wysadzane kamieniami. Kamienie mog\u0105 by\u0107 osadzone w dowolny spos&oacute;b. \u015arednica kamieni 1mm&nbsp; (52szt); 1.2mm (4szt).. _x000D_<\/p>\n","protected":false},"featured_media":46089,"template":"","meta":{"_acf_changed":false},"product_brand":[],"product_cat":[535,531,530,528,537],"product_tag":[],"class_list":{"0":"post-46088","1":"product","2":"type-product","3":"status-publish","4":"has-post-thumbnail","6":"product_cat-wedding-rings-with-diamonds-pl","7":"product_cat-elite-wedding-rings-pl","8":"product_cat-combined-wedding-rings-pl","9":"product_cat-wedding-rings-pl","10":"product_cat-with-rocks-4-pl","12":"first","13":"instock","14":"product-type-simple"},"acf":[],"_links":{"self":[{"href":"https:\/\/zl.jewelry\/pl\/wp-json\/wp\/v2\/product\/46088","targetHints":{"allow":["GET"]}}],"collection":[{"href":"https:\/\/zl.jewelry\/pl\/wp-json\/wp\/v2\/product"}],"about":[{"href":"https:\/\/zl.jewelry\/pl\/wp-json\/wp\/v2\/types\/product"}],"wp:featuredmedia":[{"embeddable":true,"href":"https:\/\/zl.jewelry\/pl\/wp-json\/wp\/v2\/media\/46089"}],"wp:attachment":[{"href":"https:\/\/zl.jewelry\/pl\/wp-json\/wp\/v2\/media?parent=46088"}],"wp:term":[{"taxonomy":"product_brand","embeddable":true,"href":"https:\/\/zl.jewelry\/pl\/wp-json\/wp\/v2\/product_brand?post=46088"},{"taxonomy":"product_cat","embeddable":true,"href":"https:\/\/zl.jewelry\/pl\/wp-json\/wp\/v2\/product_cat?post=46088"},{"taxonomy":"product_tag","embeddable":true,"href":"https:\/\/zl.jewelry\/pl\/wp-json\/wp\/v2\/product_tag?post=46088"}],"curies":[{"name":"wp","href":"https:\/\/api.w.org\/{rel}","templated":true}]}}