{"id":46084,"date":"2025-06-18T10:55:44","date_gmt":"2025-06-18T10:55:44","guid":{"rendered":"https:\/\/zl.jewelry\/product\/chain-deuce\/"},"modified":"2025-09-26T18:26:49","modified_gmt":"2025-09-26T18:26:49","slug":"chain-deuce","status":"publish","type":"product","link":"https:\/\/zl.jewelry\/pl\/product\/chain-deuce\/","title":{"rendered":"\u0141a\u0144cuszek &#8222;Podw\u00f3jny&#8221;"},"content":{"rendered":"<p>R\u0119cznie pleciony \u0142a\u0144cuszek &quot;Arabian Bismarck&quot; w kolorze czerwonego z\u0142ota, z karabi\u0144czykiem. Waga r&oacute;\u017cni si\u0119 w zale\u017cno\u015bci od rozmiaru. Wz&oacute;r mo\u017ce by\u0107 zmieniony zgodnie z \u017cyczeniem klienta.&nbsp;<\/p>\n<p>_x000D_<\/p>\n","protected":false},"excerpt":{"rendered":"<p>R\u0119cznie pleciony \u0142a\u0144cuszek &quot;Arabian Bismarck&quot; w kolorze czerwonego z\u0142ota, z karabi\u0144czykiem. Waga r&oacute;\u017cni si\u0119 w zale\u017cno\u015bci od rozmiaru. Wz&oacute;r mo\u017ce by\u0107 zmieniony zgodnie z \u017cyczeniem klienta.&nbsp; _x000D_<\/p>\n","protected":false},"featured_media":46085,"template":"","meta":{"_acf_changed":false},"product_brand":[],"product_cat":[493,494,491,490,495],"product_tag":[],"class_list":{"0":"post-46084","1":"product","2":"type-product","3":"status-publish","4":"has-post-thumbnail","6":"product_cat-mens-chains-pl","7":"product_cat-womens-chains-pl","8":"product_cat-chains-for-children-pl","9":"product_cat-gold-chains","10":"product_cat-gold-chains-up-to-50-gr-pl","12":"first","13":"instock","14":"product-type-simple"},"acf":[],"_links":{"self":[{"href":"https:\/\/zl.jewelry\/pl\/wp-json\/wp\/v2\/product\/46084","targetHints":{"allow":["GET"]}}],"collection":[{"href":"https:\/\/zl.jewelry\/pl\/wp-json\/wp\/v2\/product"}],"about":[{"href":"https:\/\/zl.jewelry\/pl\/wp-json\/wp\/v2\/types\/product"}],"wp:featuredmedia":[{"embeddable":true,"href":"https:\/\/zl.jewelry\/pl\/wp-json\/wp\/v2\/media\/46085"}],"wp:attachment":[{"href":"https:\/\/zl.jewelry\/pl\/wp-json\/wp\/v2\/media?parent=46084"}],"wp:term":[{"taxonomy":"product_brand","embeddable":true,"href":"https:\/\/zl.jewelry\/pl\/wp-json\/wp\/v2\/product_brand?post=46084"},{"taxonomy":"product_cat","embeddable":true,"href":"https:\/\/zl.jewelry\/pl\/wp-json\/wp\/v2\/product_cat?post=46084"},{"taxonomy":"product_tag","embeddable":true,"href":"https:\/\/zl.jewelry\/pl\/wp-json\/wp\/v2\/product_tag?post=46084"}],"curies":[{"name":"wp","href":"https:\/\/api.w.org\/{rel}","templated":true}]}}