{"id":46080,"date":"2025-06-18T10:55:44","date_gmt":"2025-06-18T10:55:44","guid":{"rendered":"https:\/\/zl.jewelry\/product\/chain-lemon-triumph\/"},"modified":"2025-09-26T18:26:49","modified_gmt":"2025-09-26T18:26:49","slug":"chain-lemon-triumph","status":"publish","type":"product","link":"https:\/\/zl.jewelry\/pl\/product\/chain-lemon-triumph\/","title":{"rendered":"\u0141a\u0144cuch &#8222;Lemon Triumph&#8221;"},"content":{"rendered":"<p>Lataj\u0105cy \u0142a\u0144cuszek w kolorze cytrynowego z\u0142ota z karabi\u0144czykiem. Wz&oacute;r mo\u017ce by\u0107 zmieniony zgodnie z \u017cyczeniem klienta. Waga zale\u017cy od zmiany wymiar&oacute;w.&nbsp;<\/p>\n<p>_x000D_<\/p>\n","protected":false},"excerpt":{"rendered":"<p>Lataj\u0105cy \u0142a\u0144cuszek w kolorze cytrynowego z\u0142ota z karabi\u0144czykiem. Wz&oacute;r mo\u017ce by\u0107 zmieniony zgodnie z \u017cyczeniem klienta. Waga zale\u017cy od zmiany wymiar&oacute;w.&nbsp; _x000D_<\/p>\n","protected":false},"featured_media":46081,"template":"","meta":{"_acf_changed":false},"product_brand":[],"product_cat":[493,494,490,495],"product_tag":[],"class_list":{"0":"post-46080","1":"product","2":"type-product","3":"status-publish","4":"has-post-thumbnail","6":"product_cat-mens-chains-pl","7":"product_cat-womens-chains-pl","8":"product_cat-gold-chains","9":"product_cat-gold-chains-up-to-50-gr-pl","11":"first","12":"instock","13":"product-type-simple"},"acf":[],"_links":{"self":[{"href":"https:\/\/zl.jewelry\/pl\/wp-json\/wp\/v2\/product\/46080","targetHints":{"allow":["GET"]}}],"collection":[{"href":"https:\/\/zl.jewelry\/pl\/wp-json\/wp\/v2\/product"}],"about":[{"href":"https:\/\/zl.jewelry\/pl\/wp-json\/wp\/v2\/types\/product"}],"wp:featuredmedia":[{"embeddable":true,"href":"https:\/\/zl.jewelry\/pl\/wp-json\/wp\/v2\/media\/46081"}],"wp:attachment":[{"href":"https:\/\/zl.jewelry\/pl\/wp-json\/wp\/v2\/media?parent=46080"}],"wp:term":[{"taxonomy":"product_brand","embeddable":true,"href":"https:\/\/zl.jewelry\/pl\/wp-json\/wp\/v2\/product_brand?post=46080"},{"taxonomy":"product_cat","embeddable":true,"href":"https:\/\/zl.jewelry\/pl\/wp-json\/wp\/v2\/product_cat?post=46080"},{"taxonomy":"product_tag","embeddable":true,"href":"https:\/\/zl.jewelry\/pl\/wp-json\/wp\/v2\/product_tag?post=46080"}],"curies":[{"name":"wp","href":"https:\/\/api.w.org\/{rel}","templated":true}]}}