{"id":46074,"date":"2025-06-18T10:55:44","date_gmt":"2025-06-18T10:55:44","guid":{"rendered":"https:\/\/zl.jewelry\/product\/chain-anker\/"},"modified":"2025-09-26T18:26:48","modified_gmt":"2025-09-26T18:26:48","slug":"chain-anker","status":"publish","type":"product","link":"https:\/\/zl.jewelry\/pl\/product\/chain-anker\/","title":{"rendered":"\u0141a\u0144cuch &#8222;Kotwica&#8221;"},"content":{"rendered":"<p>\u0141a\u0144cuch o splocie kotwicznym, z ko\u0144c\u00f3wkami i zamkiem &#8211; karabinkiem. Waga jest zmienna w zale\u017cno\u015bci od rozmiaru. Wz\u00f3r mo\u017cna zmieni\u0107 zgodnie z \u017cyczeniem klienta.<\/p>\n","protected":false},"excerpt":{"rendered":"<p>\u0141a\u0144cuch o splocie kotwicznym, z ko\u0144c\u00f3wkami i zamkiem &#8211; karabinkiem. Waga jest zmienna w zale\u017cno\u015bci od rozmiaru. Wz\u00f3r mo\u017cna zmieni\u0107 zgodnie z \u017cyczeniem klienta.<\/p>\n","protected":false},"featured_media":46075,"template":"","meta":{"_acf_changed":false},"product_brand":[],"product_cat":[493,494,491,490,495],"product_tag":[],"class_list":{"0":"post-46074","1":"product","2":"type-product","3":"status-publish","4":"has-post-thumbnail","6":"product_cat-mens-chains-pl","7":"product_cat-womens-chains-pl","8":"product_cat-chains-for-children-pl","9":"product_cat-gold-chains","10":"product_cat-gold-chains-up-to-50-gr-pl","12":"first","13":"instock","14":"product-type-simple"},"acf":[],"_links":{"self":[{"href":"https:\/\/zl.jewelry\/pl\/wp-json\/wp\/v2\/product\/46074","targetHints":{"allow":["GET"]}}],"collection":[{"href":"https:\/\/zl.jewelry\/pl\/wp-json\/wp\/v2\/product"}],"about":[{"href":"https:\/\/zl.jewelry\/pl\/wp-json\/wp\/v2\/types\/product"}],"wp:featuredmedia":[{"embeddable":true,"href":"https:\/\/zl.jewelry\/pl\/wp-json\/wp\/v2\/media\/46075"}],"wp:attachment":[{"href":"https:\/\/zl.jewelry\/pl\/wp-json\/wp\/v2\/media?parent=46074"}],"wp:term":[{"taxonomy":"product_brand","embeddable":true,"href":"https:\/\/zl.jewelry\/pl\/wp-json\/wp\/v2\/product_brand?post=46074"},{"taxonomy":"product_cat","embeddable":true,"href":"https:\/\/zl.jewelry\/pl\/wp-json\/wp\/v2\/product_cat?post=46074"},{"taxonomy":"product_tag","embeddable":true,"href":"https:\/\/zl.jewelry\/pl\/wp-json\/wp\/v2\/product_tag?post=46074"}],"curies":[{"name":"wp","href":"https:\/\/api.w.org\/{rel}","templated":true}]}}