{"id":46072,"date":"2025-06-18T10:55:44","date_gmt":"2025-06-18T10:55:44","guid":{"rendered":"https:\/\/zl.jewelry\/product\/chain-albright\/"},"modified":"2025-09-26T18:26:48","modified_gmt":"2025-09-26T18:26:48","slug":"chain-albright","status":"publish","type":"product","link":"https:\/\/zl.jewelry\/pl\/product\/chain-albright\/","title":{"rendered":"\u0141a\u0144cuch &#8222;Albright&#8221;"},"content":{"rendered":"<p>\u0141a\u0144cuszek w po\u0142\u0105czeniu cytrynowego i bia\u0142ego z\u0142ota, pleciony &quot;Bit&quot;, odlewany.&nbsp; Zamek &#8211; odlewany, sze\u015bciok\u0105tny, \u0142\u0105czony. Cz\u0119\u015bci z bia\u0142ego z\u0142ota s\u0105 rodowane. Wz&oacute;r mo\u017ce by\u0107 zmieniony zgodnie z \u017cyczeniem klienta.&nbsp; Waga r&oacute;\u017cni si\u0119 w zale\u017cno\u015bci od d\u0142ugo\u015bci.&nbsp;<\/p>\n<p>_x000D_<\/p>\n","protected":false},"excerpt":{"rendered":"<p>\u0141a\u0144cuszek w po\u0142\u0105czeniu cytrynowego i bia\u0142ego z\u0142ota, pleciony &quot;Bit&quot;, odlewany.&nbsp; Zamek &#8211; odlewany, sze\u015bciok\u0105tny, \u0142\u0105czony. Cz\u0119\u015bci z bia\u0142ego z\u0142ota s\u0105 rodowane. Wz&oacute;r mo\u017ce by\u0107 zmieniony zgodnie z \u017cyczeniem klienta.&nbsp; Waga r&oacute;\u017cni si\u0119 w zale\u017cno\u015bci od d\u0142ugo\u015bci.&nbsp; _x000D_<\/p>\n","protected":false},"featured_media":46073,"template":"","meta":{"_acf_changed":false},"product_brand":[],"product_cat":[490,492,493],"product_tag":[],"class_list":{"0":"post-46072","1":"product","2":"type-product","3":"status-publish","4":"has-post-thumbnail","6":"product_cat-gold-chains","7":"product_cat-gold-chain-from-50-gr-pl","8":"product_cat-mens-chains-pl","10":"first","11":"instock","12":"product-type-simple"},"acf":[],"_links":{"self":[{"href":"https:\/\/zl.jewelry\/pl\/wp-json\/wp\/v2\/product\/46072","targetHints":{"allow":["GET"]}}],"collection":[{"href":"https:\/\/zl.jewelry\/pl\/wp-json\/wp\/v2\/product"}],"about":[{"href":"https:\/\/zl.jewelry\/pl\/wp-json\/wp\/v2\/types\/product"}],"wp:featuredmedia":[{"embeddable":true,"href":"https:\/\/zl.jewelry\/pl\/wp-json\/wp\/v2\/media\/46073"}],"wp:attachment":[{"href":"https:\/\/zl.jewelry\/pl\/wp-json\/wp\/v2\/media?parent=46072"}],"wp:term":[{"taxonomy":"product_brand","embeddable":true,"href":"https:\/\/zl.jewelry\/pl\/wp-json\/wp\/v2\/product_brand?post=46072"},{"taxonomy":"product_cat","embeddable":true,"href":"https:\/\/zl.jewelry\/pl\/wp-json\/wp\/v2\/product_cat?post=46072"},{"taxonomy":"product_tag","embeddable":true,"href":"https:\/\/zl.jewelry\/pl\/wp-json\/wp\/v2\/product_tag?post=46072"}],"curies":[{"name":"wp","href":"https:\/\/api.w.org\/{rel}","templated":true}]}}