{"id":46066,"date":"2025-06-18T10:55:44","date_gmt":"2025-06-18T10:55:44","guid":{"rendered":"https:\/\/zl.jewelry\/product\/chain-fox-tail-in-white-gold\/"},"modified":"2025-09-26T18:26:47","modified_gmt":"2025-09-26T18:26:47","slug":"chain-fox-tail-in-white-gold","status":"publish","type":"product","link":"https:\/\/zl.jewelry\/pl\/product\/chain-fox-tail-in-white-gold\/","title":{"rendered":"\u0141a\u0144cuszek &#8222;Lisi ogon&#8221; z bia\u0142ego z\u0142ota"},"content":{"rendered":"<p>R\u0119cznie pleciony \u0142a\u0144cuszek &quot;Byzantine&quot;, &quot;Foxtail&quot; z bia\u0142ego z\u0142ota, rodowany. Zapi\u0119cie to pude\u0142ko, okr\u0105g\u0142e w kszta\u0142cie, z pojedynczym zamkiem. Waga jest w stosunku do d\u0142ugo\u015bci bi\u017cuterii.<\/p>\n","protected":false},"excerpt":{"rendered":"<p>R\u0119cznie pleciony \u0142a\u0144cuszek &quot;Byzantine&quot;, &quot;Foxtail&quot; z bia\u0142ego z\u0142ota, rodowany. Zapi\u0119cie to pude\u0142ko, okr\u0105g\u0142e w kszta\u0142cie, z pojedynczym zamkiem. Waga jest w stosunku do d\u0142ugo\u015bci bi\u017cuterii.<\/p>\n","protected":false},"featured_media":46067,"template":"","meta":{"_acf_changed":false},"product_brand":[],"product_cat":[490,495,493],"product_tag":[],"class_list":{"0":"post-46066","1":"product","2":"type-product","3":"status-publish","4":"has-post-thumbnail","6":"product_cat-gold-chains","7":"product_cat-gold-chains-up-to-50-gr-pl","8":"product_cat-mens-chains-pl","10":"first","11":"instock","12":"product-type-simple"},"acf":[],"_links":{"self":[{"href":"https:\/\/zl.jewelry\/pl\/wp-json\/wp\/v2\/product\/46066","targetHints":{"allow":["GET"]}}],"collection":[{"href":"https:\/\/zl.jewelry\/pl\/wp-json\/wp\/v2\/product"}],"about":[{"href":"https:\/\/zl.jewelry\/pl\/wp-json\/wp\/v2\/types\/product"}],"wp:featuredmedia":[{"embeddable":true,"href":"https:\/\/zl.jewelry\/pl\/wp-json\/wp\/v2\/media\/46067"}],"wp:attachment":[{"href":"https:\/\/zl.jewelry\/pl\/wp-json\/wp\/v2\/media?parent=46066"}],"wp:term":[{"taxonomy":"product_brand","embeddable":true,"href":"https:\/\/zl.jewelry\/pl\/wp-json\/wp\/v2\/product_brand?post=46066"},{"taxonomy":"product_cat","embeddable":true,"href":"https:\/\/zl.jewelry\/pl\/wp-json\/wp\/v2\/product_cat?post=46066"},{"taxonomy":"product_tag","embeddable":true,"href":"https:\/\/zl.jewelry\/pl\/wp-json\/wp\/v2\/product_tag?post=46066"}],"curies":[{"name":"wp","href":"https:\/\/api.w.org\/{rel}","templated":true}]}}