{"id":46064,"date":"2025-06-18T10:55:44","date_gmt":"2025-06-18T10:55:44","guid":{"rendered":"https:\/\/zl.jewelry\/product\/wedding-ring-odyssey-with-stones\/"},"modified":"2025-09-26T18:26:47","modified_gmt":"2025-09-26T18:26:47","slug":"wedding-ring-odyssey-with-stones","status":"publish","type":"product","link":"https:\/\/zl.jewelry\/pl\/product\/wedding-ring-odyssey-with-stones\/","title":{"rendered":"Pier\u015bcionek zar\u0119czynowy &#8222;Odyssey&#8221; z kamieniami"},"content":{"rendered":"<p><span style=\"color: rgb(77, 77, 77); font-family: Roboto, sans-serif; font-size: 16px;\">Je\u015bli chcesz znale\u017a\u0107 pier\u015bcionki zar\u0119czynowe w swoim rozmiarze, zobacz Pier\u015bcionki zar\u0119czynowe<\/span><\/p>\n<p>_x000D_<br \/>\n_x000D_<\/p>\n<p>Pier\u015bcionki zar\u0119czynowe z czerwonego i bia\u0142ego z\u0142ota, podstawa w kolorze czerwonym, boki, kotwice i ko\u0142a sterowe z bia\u0142ego z\u0142ota, rodowane. W m\u0119skim pier\u015bcionku boki s\u0105 g\u0142adkie, ale stery s\u0105 r&oacute;wnie\u017c wysadzane kamieniami. Kamienie mog\u0105 by\u0107 ustawione w dowolny spos&oacute;b. \u015arednica kamieni to 1mm&nbsp; (52szt); 1.2mm (4szt).<\/p>\n<p>_x000D_<\/p>\n","protected":false},"excerpt":{"rendered":"<p>Je\u015bli chcesz znale\u017a\u0107 pier\u015bcionki zar\u0119czynowe w swoim rozmiarze, zobacz Pier\u015bcionki zar\u0119czynowe _x000D_ _x000D_ Pier\u015bcionki zar\u0119czynowe z czerwonego i bia\u0142ego z\u0142ota, podstawa w kolorze czerwonym, boki, kotwice i ko\u0142a sterowe z bia\u0142ego z\u0142ota, rodowane. W m\u0119skim pier\u015bcionku boki s\u0105 g\u0142adkie, ale stery s\u0105 r&oacute;wnie\u017c wysadzane kamieniami. Kamienie mog\u0105 by\u0107 ustawione w dowolny spos&oacute;b. \u015arednica kamieni to&#8230;<\/p>\n","protected":false},"featured_media":46065,"template":"","meta":{"_acf_changed":false},"product_brand":[],"product_cat":[552,556],"product_tag":[],"class_list":{"0":"post-46064","1":"product","2":"type-product","3":"status-publish","4":"has-post-thumbnail","6":"product_cat-jewelry-for-sailors-pl","7":"product_cat-wedding-rings-2-pl","9":"first","10":"instock","11":"product-type-simple"},"acf":[],"_links":{"self":[{"href":"https:\/\/zl.jewelry\/pl\/wp-json\/wp\/v2\/product\/46064","targetHints":{"allow":["GET"]}}],"collection":[{"href":"https:\/\/zl.jewelry\/pl\/wp-json\/wp\/v2\/product"}],"about":[{"href":"https:\/\/zl.jewelry\/pl\/wp-json\/wp\/v2\/types\/product"}],"wp:featuredmedia":[{"embeddable":true,"href":"https:\/\/zl.jewelry\/pl\/wp-json\/wp\/v2\/media\/46065"}],"wp:attachment":[{"href":"https:\/\/zl.jewelry\/pl\/wp-json\/wp\/v2\/media?parent=46064"}],"wp:term":[{"taxonomy":"product_brand","embeddable":true,"href":"https:\/\/zl.jewelry\/pl\/wp-json\/wp\/v2\/product_brand?post=46064"},{"taxonomy":"product_cat","embeddable":true,"href":"https:\/\/zl.jewelry\/pl\/wp-json\/wp\/v2\/product_cat?post=46064"},{"taxonomy":"product_tag","embeddable":true,"href":"https:\/\/zl.jewelry\/pl\/wp-json\/wp\/v2\/product_tag?post=46064"}],"curies":[{"name":"wp","href":"https:\/\/api.w.org\/{rel}","templated":true}]}}