{"id":46060,"date":"2025-06-18T10:55:50","date_gmt":"2025-06-18T10:55:50","guid":{"rendered":"https:\/\/zl.jewelry\/product\/ring-hope\/"},"modified":"2025-09-26T18:26:55","modified_gmt":"2025-09-26T18:26:55","slug":"ring-hope","status":"publish","type":"product","link":"https:\/\/zl.jewelry\/pl\/product\/ring-hope\/","title":{"rendered":"Pier\u015bcionek &#8222;Nadzieja&#8221;"},"content":{"rendered":"<p>Baza pier\u015bcionka m\u0119skiego z czerwonego z\u0142ota, nak\u0142adki z bia\u0142ego z\u0142ota. Waga z\u0142ota zale\u017cy od rozmiaru bi\u017cuterii.&nbsp; Centralna cz\u0119\u015b\u0107 to okr\u0105g i kotwica z bia\u0142ego z\u0142ota, platerowana rodem. Wok\u00f3\u0142 kotwicy umieszczona czarna emalia.&nbsp;<\/nbsp;<\/p>\n<p>.<\/p>\n","protected":false},"excerpt":{"rendered":"<p>Baza pier\u015bcionka m\u0119skiego z czerwonego z\u0142ota, nak\u0142adki z bia\u0142ego z\u0142ota. Waga z\u0142ota zale\u017cy od rozmiaru bi\u017cuterii.&nbsp; Centralna cz\u0119\u015b\u0107 to okr\u0105g i kotwica z bia\u0142ego z\u0142ota, platerowana rodem. Wok\u00f3\u0142 kotwicy umieszczona czarna emalia.&nbsp;<\/p>\n","protected":false},"featured_media":48715,"template":"","meta":{"_acf_changed":false},"product_brand":[],"product_cat":[517,588],"product_tag":[],"class_list":{"0":"post-46060","1":"product","2":"type-product","3":"status-publish","4":"has-post-thumbnail","6":"product_cat-mens-rings-and-seals-pl","7":"product_cat-smooth-rings-pl","9":"first","10":"instock","11":"product-type-simple"},"acf":[],"_links":{"self":[{"href":"https:\/\/zl.jewelry\/pl\/wp-json\/wp\/v2\/product\/46060","targetHints":{"allow":["GET"]}}],"collection":[{"href":"https:\/\/zl.jewelry\/pl\/wp-json\/wp\/v2\/product"}],"about":[{"href":"https:\/\/zl.jewelry\/pl\/wp-json\/wp\/v2\/types\/product"}],"wp:featuredmedia":[{"embeddable":true,"href":"https:\/\/zl.jewelry\/pl\/wp-json\/wp\/v2\/media\/48715"}],"wp:attachment":[{"href":"https:\/\/zl.jewelry\/pl\/wp-json\/wp\/v2\/media?parent=46060"}],"wp:term":[{"taxonomy":"product_brand","embeddable":true,"href":"https:\/\/zl.jewelry\/pl\/wp-json\/wp\/v2\/product_brand?post=46060"},{"taxonomy":"product_cat","embeddable":true,"href":"https:\/\/zl.jewelry\/pl\/wp-json\/wp\/v2\/product_cat?post=46060"},{"taxonomy":"product_tag","embeddable":true,"href":"https:\/\/zl.jewelry\/pl\/wp-json\/wp\/v2\/product_tag?post=46060"}],"curies":[{"name":"wp","href":"https:\/\/api.w.org\/{rel}","templated":true}]}}