{"id":46058,"date":"2025-06-18T10:55:50","date_gmt":"2025-06-18T10:55:50","guid":{"rendered":"https:\/\/zl.jewelry\/product\/bracelet-anchor\/"},"modified":"2025-09-26T18:26:55","modified_gmt":"2025-09-26T18:26:55","slug":"bracelet-anchor","status":"publish","type":"product","link":"https:\/\/zl.jewelry\/pl\/product\/bracelet-anchor\/","title":{"rendered":"Bransoletka &#8222;Anchor&#8221;"},"content":{"rendered":"<p>Bransoletka jest sk&oacute;rzana, z wstawk\u0105 z czerwonej z\u0142otej kotwicy. Kotwica jest g\u0142adka, wa\u017cy 15 gram&oacute;w, rozmiar 19. Zapi\u0119cie w tej bransoletce jest zaprojektowane tak, \u017ce p\u0119tla na ko\u0144cu sk&oacute;rzanej podstawy jest przewleczona przez kotwic\u0119.&nbsp;<\/p>\n<p>_x000D_<\/p>\n","protected":false},"excerpt":{"rendered":"<p>Bransoletka jest sk&oacute;rzana, z wstawk\u0105 z czerwonej z\u0142otej kotwicy. Kotwica jest g\u0142adka, wa\u017cy 15 gram&oacute;w, rozmiar 19. Zapi\u0119cie w tej bransoletce jest zaprojektowane tak, \u017ce p\u0119tla na ko\u0144cu sk&oacute;rzanej podstawy jest przewleczona przez kotwic\u0119.&nbsp; _x000D_<\/p>\n","protected":false},"featured_media":59213,"template":"","meta":{"_acf_changed":false},"product_brand":[],"product_cat":[552,553,557,560,561],"product_tag":[],"class_list":{"0":"post-46058","1":"product","2":"type-product","3":"status-publish","4":"has-post-thumbnail","6":"product_cat-jewelry-for-sailors-pl","7":"product_cat-bracelets-2-pl","8":"product_cat-bracelets-pl","9":"product_cat-gold-bracelets-up-to-30-gr-pl","10":"product_cat-leather-bracelets-with-gold-inserts-pl","12":"first","13":"instock","14":"product-type-simple"},"acf":[],"_links":{"self":[{"href":"https:\/\/zl.jewelry\/pl\/wp-json\/wp\/v2\/product\/46058","targetHints":{"allow":["GET"]}}],"collection":[{"href":"https:\/\/zl.jewelry\/pl\/wp-json\/wp\/v2\/product"}],"about":[{"href":"https:\/\/zl.jewelry\/pl\/wp-json\/wp\/v2\/types\/product"}],"wp:featuredmedia":[{"embeddable":true,"href":"https:\/\/zl.jewelry\/pl\/wp-json\/wp\/v2\/media\/59213"}],"wp:attachment":[{"href":"https:\/\/zl.jewelry\/pl\/wp-json\/wp\/v2\/media?parent=46058"}],"wp:term":[{"taxonomy":"product_brand","embeddable":true,"href":"https:\/\/zl.jewelry\/pl\/wp-json\/wp\/v2\/product_brand?post=46058"},{"taxonomy":"product_cat","embeddable":true,"href":"https:\/\/zl.jewelry\/pl\/wp-json\/wp\/v2\/product_cat?post=46058"},{"taxonomy":"product_tag","embeddable":true,"href":"https:\/\/zl.jewelry\/pl\/wp-json\/wp\/v2\/product_tag?post=46058"}],"curies":[{"name":"wp","href":"https:\/\/api.w.org\/{rel}","templated":true}]}}