{"id":46052,"date":"2025-06-18T10:55:50","date_gmt":"2025-06-18T10:55:50","guid":{"rendered":"https:\/\/zl.jewelry\/product\/chain-tigers\/"},"modified":"2025-09-26T18:26:54","modified_gmt":"2025-09-26T18:26:54","slug":"chain-tigers","status":"publish","type":"product","link":"https:\/\/zl.jewelry\/pl\/product\/chain-tigers\/","title":{"rendered":"\u0141a\u0144cuch &#8222;Tygrysy&#8221;"},"content":{"rendered":"<p>Spersonalizowany \u0142a\u0144cuszek z po\u0142\u0105czenia czerwonego i bia\u0142ego z\u0142ota. \u0141a\u0144cuszek z bary\u0142kami i ogniwami \u0142\u0105cz\u0105cymi. Beczki s\u0105 wzorowane na tygrysach, ogniwa \u0142\u0105cz\u0105ce z inicja\u0142ami klienta i wysadzane kamieniami o \u015brednicy 4,50 mm (28 sztuk).&nbsp; Czarny emaliowany \u0142a\u0144cuszek. Elementy z rodowanego bia\u0142ego z\u0142ota. Zamek &#8211; pude\u0142ko, przypominaj\u0105cy projekt beczki z tygrysami. Wz\u00f3r mo\u017ce by\u0107 zmieniony zgodnie z \u017cyczeniem klienta. Waga z\u0142ota r\u00f3\u017cni si\u0119 w zale\u017cno\u015bci od rozmiaru.&nbsp;&nbsp;&nbsp;<\/p>\n","protected":false},"excerpt":{"rendered":"<p>Spersonalizowany \u0142a\u0144cuszek z po\u0142\u0105czenia czerwonego i bia\u0142ego z\u0142ota. \u0141a\u0144cuszek z bary\u0142kami i ogniwami \u0142\u0105cz\u0105cymi. Beczki s\u0105 wzorowane na tygrysach, ogniwa \u0142\u0105cz\u0105ce z inicja\u0142ami klienta i wysadzane kamieniami o \u015brednicy 4,50 mm (28 sztuk).&nbsp; Czarny emaliowany \u0142a\u0144cuszek. Elementy z rodowanego bia\u0142ego z\u0142ota. Zamek &#8211; pude\u0142ko, przypominaj\u0105cy projekt beczki z tygrysami. Wz\u00f3r mo\u017ce by\u0107 zmieniony zgodnie z&#8230;<\/p>\n","protected":false},"featured_media":46053,"template":"","meta":{"_acf_changed":false},"product_brand":[],"product_cat":[490,492,493],"product_tag":[],"class_list":{"0":"post-46052","1":"product","2":"type-product","3":"status-publish","4":"has-post-thumbnail","6":"product_cat-gold-chains","7":"product_cat-gold-chain-from-50-gr-pl","8":"product_cat-mens-chains-pl","10":"first","11":"instock","12":"product-type-simple"},"acf":[],"_links":{"self":[{"href":"https:\/\/zl.jewelry\/pl\/wp-json\/wp\/v2\/product\/46052","targetHints":{"allow":["GET"]}}],"collection":[{"href":"https:\/\/zl.jewelry\/pl\/wp-json\/wp\/v2\/product"}],"about":[{"href":"https:\/\/zl.jewelry\/pl\/wp-json\/wp\/v2\/types\/product"}],"wp:featuredmedia":[{"embeddable":true,"href":"https:\/\/zl.jewelry\/pl\/wp-json\/wp\/v2\/media\/46053"}],"wp:attachment":[{"href":"https:\/\/zl.jewelry\/pl\/wp-json\/wp\/v2\/media?parent=46052"}],"wp:term":[{"taxonomy":"product_brand","embeddable":true,"href":"https:\/\/zl.jewelry\/pl\/wp-json\/wp\/v2\/product_brand?post=46052"},{"taxonomy":"product_cat","embeddable":true,"href":"https:\/\/zl.jewelry\/pl\/wp-json\/wp\/v2\/product_cat?post=46052"},{"taxonomy":"product_tag","embeddable":true,"href":"https:\/\/zl.jewelry\/pl\/wp-json\/wp\/v2\/product_tag?post=46052"}],"curies":[{"name":"wp","href":"https:\/\/api.w.org\/{rel}","templated":true}]}}