{"id":46046,"date":"2025-06-18T10:55:50","date_gmt":"2025-06-18T10:55:50","guid":{"rendered":"https:\/\/zl.jewelry\/product\/chain-lion\/"},"modified":"2025-09-26T18:26:54","modified_gmt":"2025-09-26T18:26:54","slug":"chain-lion","status":"publish","type":"product","link":"https:\/\/zl.jewelry\/pl\/product\/chain-lion\/","title":{"rendered":"\u0141a\u0144cuch &#8222;Lyon&#8221;"},"content":{"rendered":"<p>Unikatowy \u0142a\u0144cuszek z czerwonego z\u0142ota i niello. Ogniwa \u0142\u0105cz\u0105ce s\u0105 wymodelowane w formie lwa, a po bokach greckiej niesko\u0144czono\u015bci.&nbsp; Zamek &#8211; pude\u0142ko z dwoma zamkami, na przedniej stronie wygrawerowane w formie lwa i inicja\u0142&oacute;w, na \u017cyczenie klienta. Wz&oacute;r mo\u017ce zosta\u0107 zmieniony na \u017cyczenie klienta. Waga uzale\u017cniona jest od rozmiaru.&nbsp;&nbsp;&nbsp;<\/p>\n<p>_x000D_<\/p>\n","protected":false},"excerpt":{"rendered":"<p>Unikatowy \u0142a\u0144cuszek z czerwonego z\u0142ota i niello. Ogniwa \u0142\u0105cz\u0105ce s\u0105 wymodelowane w formie lwa, a po bokach greckiej niesko\u0144czono\u015bci.&nbsp; Zamek &#8211; pude\u0142ko z dwoma zamkami, na przedniej stronie wygrawerowane w formie lwa i inicja\u0142&oacute;w, na \u017cyczenie klienta. Wz&oacute;r mo\u017ce zosta\u0107 zmieniony na \u017cyczenie klienta. Waga uzale\u017cniona jest od rozmiaru.&nbsp;&nbsp;&nbsp; _x000D_<\/p>\n","protected":false},"featured_media":46047,"template":"","meta":{"_acf_changed":false},"product_brand":[],"product_cat":[490,492,493],"product_tag":[],"class_list":{"0":"post-46046","1":"product","2":"type-product","3":"status-publish","4":"has-post-thumbnail","6":"product_cat-gold-chains","7":"product_cat-gold-chain-from-50-gr-pl","8":"product_cat-mens-chains-pl","10":"first","11":"instock","12":"product-type-simple"},"acf":[],"_links":{"self":[{"href":"https:\/\/zl.jewelry\/pl\/wp-json\/wp\/v2\/product\/46046","targetHints":{"allow":["GET"]}}],"collection":[{"href":"https:\/\/zl.jewelry\/pl\/wp-json\/wp\/v2\/product"}],"about":[{"href":"https:\/\/zl.jewelry\/pl\/wp-json\/wp\/v2\/types\/product"}],"wp:featuredmedia":[{"embeddable":true,"href":"https:\/\/zl.jewelry\/pl\/wp-json\/wp\/v2\/media\/46047"}],"wp:attachment":[{"href":"https:\/\/zl.jewelry\/pl\/wp-json\/wp\/v2\/media?parent=46046"}],"wp:term":[{"taxonomy":"product_brand","embeddable":true,"href":"https:\/\/zl.jewelry\/pl\/wp-json\/wp\/v2\/product_brand?post=46046"},{"taxonomy":"product_cat","embeddable":true,"href":"https:\/\/zl.jewelry\/pl\/wp-json\/wp\/v2\/product_cat?post=46046"},{"taxonomy":"product_tag","embeddable":true,"href":"https:\/\/zl.jewelry\/pl\/wp-json\/wp\/v2\/product_tag?post=46046"}],"curies":[{"name":"wp","href":"https:\/\/api.w.org\/{rel}","templated":true}]}}