{"id":46044,"date":"2025-06-18T10:55:50","date_gmt":"2025-06-18T10:55:50","guid":{"rendered":"https:\/\/zl.jewelry\/product\/chain-jtb\/"},"modified":"2025-09-26T18:26:54","modified_gmt":"2025-09-26T18:26:54","slug":"chain-jtb","status":"publish","type":"product","link":"https:\/\/zl.jewelry\/pl\/product\/chain-jtb\/","title":{"rendered":"\u0141a\u0144cuch &#8222;JTB&#8221;"},"content":{"rendered":"<p>\u0141a\u0144cuch w kolorze czerwonego z\u0142ota, odlewany, nowy splot kotwica, z wstawkami. Jedna wstawka z inicja\u0142ami &quot;JTB&quot;, a druga wstawka&nbsp;z flagami. Wk\u0142adki s\u0105 pokryte emali\u0105. Waga r&oacute;\u017cni si\u0119 w zale\u017cno\u015bci od d\u0142ugo\u015bci.&nbsp;<\/p>\n<p>_x000D_<br \/>\n_x000D_<\/p>\n<p>.<\/p>\n<p>_x000D_<\/p>\n","protected":false},"excerpt":{"rendered":"<p>\u0141a\u0144cuch w kolorze czerwonego z\u0142ota, odlewany, nowy splot kotwica, z wstawkami. Jedna wstawka z inicja\u0142ami &quot;JTB&quot;, a druga wstawka&nbsp;z flagami. Wk\u0142adki s\u0105 pokryte emali\u0105. Waga r&oacute;\u017cni si\u0119 w zale\u017cno\u015bci od d\u0142ugo\u015bci.&nbsp; _x000D_ _x000D_ . _x000D_<\/p>\n","protected":false},"featured_media":46045,"template":"","meta":{"_acf_changed":false},"product_brand":[],"product_cat":[493,490,492],"product_tag":[],"class_list":{"0":"post-46044","1":"product","2":"type-product","3":"status-publish","4":"has-post-thumbnail","6":"product_cat-mens-chains-pl","7":"product_cat-gold-chains","8":"product_cat-gold-chain-from-50-gr-pl","10":"first","11":"instock","12":"product-type-simple"},"acf":[],"_links":{"self":[{"href":"https:\/\/zl.jewelry\/pl\/wp-json\/wp\/v2\/product\/46044","targetHints":{"allow":["GET"]}}],"collection":[{"href":"https:\/\/zl.jewelry\/pl\/wp-json\/wp\/v2\/product"}],"about":[{"href":"https:\/\/zl.jewelry\/pl\/wp-json\/wp\/v2\/types\/product"}],"wp:featuredmedia":[{"embeddable":true,"href":"https:\/\/zl.jewelry\/pl\/wp-json\/wp\/v2\/media\/46045"}],"wp:attachment":[{"href":"https:\/\/zl.jewelry\/pl\/wp-json\/wp\/v2\/media?parent=46044"}],"wp:term":[{"taxonomy":"product_brand","embeddable":true,"href":"https:\/\/zl.jewelry\/pl\/wp-json\/wp\/v2\/product_brand?post=46044"},{"taxonomy":"product_cat","embeddable":true,"href":"https:\/\/zl.jewelry\/pl\/wp-json\/wp\/v2\/product_cat?post=46044"},{"taxonomy":"product_tag","embeddable":true,"href":"https:\/\/zl.jewelry\/pl\/wp-json\/wp\/v2\/product_tag?post=46044"}],"curies":[{"name":"wp","href":"https:\/\/api.w.org\/{rel}","templated":true}]}}