{"id":46042,"date":"2025-06-18T10:55:50","date_gmt":"2025-06-18T10:55:50","guid":{"rendered":"https:\/\/zl.jewelry\/product\/chain-amulet-2\/"},"modified":"2025-09-26T18:26:53","modified_gmt":"2025-09-26T18:26:53","slug":"chain-amulet-2","status":"publish","type":"product","link":"https:\/\/zl.jewelry\/pl\/product\/chain-amulet-2\/","title":{"rendered":"\u0141a\u0144cuch &#8222;Obereg&#8221;"},"content":{"rendered":"<p>Spersonalizowany \u0142a\u0144cuszek z czerwonego z\u0142ota z modlitewnymi wstawkami. Na ogniwach \u0142\u0105cz\u0105cych wymodelowano znak zodiaku &quot;Rak&quot; oraz liczb\u0119 &quot;7&quot; zgodnie z \u017cyczeniem klienta. Ca\u0142y \u0142a\u0144cuch pokryty jest czernieniem. Zamek to pude\u0142ko przypominaj\u0105ce beczk\u0119 z modlitwami. Wz\u00f3r mo\u017ce zosta\u0107 zmieniony na \u017cyczenie klienta. Waga jest proporcjonalna do rozmiaru.<\/p>\n","protected":false},"excerpt":{"rendered":"<p>Spersonalizowany \u0142a\u0144cuszek z czerwonego z\u0142ota z modlitewnymi wstawkami. Na ogniwach \u0142\u0105cz\u0105cych wymodelowano znak zodiaku &quot;Rak&quot; oraz liczb\u0119 &quot;7&quot; zgodnie z \u017cyczeniem klienta. Ca\u0142y \u0142a\u0144cuch pokryty jest czernieniem. Zamek to pude\u0142ko przypominaj\u0105ce beczk\u0119 z modlitwami. Wz\u00f3r mo\u017ce zosta\u0107 zmieniony na \u017cyczenie klienta. Waga jest proporcjonalna do rozmiaru.<\/p>\n","protected":false},"featured_media":46043,"template":"","meta":{"_acf_changed":false},"product_brand":[],"product_cat":[490,492,493],"product_tag":[],"class_list":{"0":"post-46042","1":"product","2":"type-product","3":"status-publish","4":"has-post-thumbnail","6":"product_cat-gold-chains","7":"product_cat-gold-chain-from-50-gr-pl","8":"product_cat-mens-chains-pl","10":"first","11":"instock","12":"product-type-simple"},"acf":[],"_links":{"self":[{"href":"https:\/\/zl.jewelry\/pl\/wp-json\/wp\/v2\/product\/46042","targetHints":{"allow":["GET"]}}],"collection":[{"href":"https:\/\/zl.jewelry\/pl\/wp-json\/wp\/v2\/product"}],"about":[{"href":"https:\/\/zl.jewelry\/pl\/wp-json\/wp\/v2\/types\/product"}],"wp:featuredmedia":[{"embeddable":true,"href":"https:\/\/zl.jewelry\/pl\/wp-json\/wp\/v2\/media\/46043"}],"wp:attachment":[{"href":"https:\/\/zl.jewelry\/pl\/wp-json\/wp\/v2\/media?parent=46042"}],"wp:term":[{"taxonomy":"product_brand","embeddable":true,"href":"https:\/\/zl.jewelry\/pl\/wp-json\/wp\/v2\/product_brand?post=46042"},{"taxonomy":"product_cat","embeddable":true,"href":"https:\/\/zl.jewelry\/pl\/wp-json\/wp\/v2\/product_cat?post=46042"},{"taxonomy":"product_tag","embeddable":true,"href":"https:\/\/zl.jewelry\/pl\/wp-json\/wp\/v2\/product_tag?post=46042"}],"curies":[{"name":"wp","href":"https:\/\/api.w.org\/{rel}","templated":true}]}}