{"id":46032,"date":"2025-06-18T10:55:50","date_gmt":"2025-06-18T10:55:50","guid":{"rendered":"https:\/\/zl.jewelry\/product\/ring-madeleine\/"},"modified":"2025-09-26T18:26:53","modified_gmt":"2025-09-26T18:26:53","slug":"ring-madeleine","status":"publish","type":"product","link":"https:\/\/zl.jewelry\/pl\/product\/ring-madeleine\/","title":{"rendered":"Pier\u015bcionek &#8222;Madeleine&#8221;"},"content":{"rendered":"<p>Pier\u015bcionek, kt&oacute;ry b\u0119dzie wygl\u0105da\u0142 delikatnie na d\u0142oni, wykonany z bia\u0142ego z\u0142ota i ozdobiony rozproszonymi kamieniami. Pier\u015bcionek jest transformerem &#8211; to dwie bi\u017cuterie w jednym, mo\u017cna go nosi\u0107 jako jeden pier\u015bcionek &#8211; centraln\u0105 cz\u0119\u015b\u0107, oraz razem z etui. Pier\u015bcionek jest rodowany, dzi\u0119ki czemu zachowuje sw&oacute;j blask i bia\u0142y odcie\u0144. Waga jest proporcjonalna do rozmiaru. Kamienie s\u0105 osadzone w \u015brednicach 6,00 mm; 3,25 mm (6&nbsp;sztuk); 1,75 (24&nbsp;sztuk). Wz&oacute;r, kamienie i rozmiar mog\u0105 by\u0107 modyfikowane zgodnie z \u017cyczeniem klienta.&nbsp;<\/p>\n<p>_x000D_<\/p>\n","protected":false},"excerpt":{"rendered":"<p>Pier\u015bcionek, kt&oacute;ry b\u0119dzie wygl\u0105da\u0142 delikatnie na d\u0142oni, wykonany z bia\u0142ego z\u0142ota i ozdobiony rozproszonymi kamieniami. Pier\u015bcionek jest transformerem &#8211; to dwie bi\u017cuterie w jednym, mo\u017cna go nosi\u0107 jako jeden pier\u015bcionek &#8211; centraln\u0105 cz\u0119\u015b\u0107, oraz razem z etui. Pier\u015bcionek jest rodowany, dzi\u0119ki czemu zachowuje sw&oacute;j blask i bia\u0142y odcie\u0144. Waga jest proporcjonalna do rozmiaru. Kamienie s\u0105&#8230;<\/p>\n","protected":false},"featured_media":46033,"template":"","meta":{"_acf_changed":false},"product_brand":[],"product_cat":[535,531,528,536,534,537],"product_tag":[],"class_list":{"0":"post-46032","1":"product","2":"type-product","3":"status-publish","4":"has-post-thumbnail","6":"product_cat-wedding-rings-with-diamonds-pl","7":"product_cat-elite-wedding-rings-pl","8":"product_cat-wedding-rings-pl","9":"product_cat-white-gold-wedding-rings-pl","10":"product_cat-transformer-pl","11":"product_cat-with-rocks-4-pl","13":"first","14":"instock","15":"product-type-simple"},"acf":[],"_links":{"self":[{"href":"https:\/\/zl.jewelry\/pl\/wp-json\/wp\/v2\/product\/46032","targetHints":{"allow":["GET"]}}],"collection":[{"href":"https:\/\/zl.jewelry\/pl\/wp-json\/wp\/v2\/product"}],"about":[{"href":"https:\/\/zl.jewelry\/pl\/wp-json\/wp\/v2\/types\/product"}],"wp:featuredmedia":[{"embeddable":true,"href":"https:\/\/zl.jewelry\/pl\/wp-json\/wp\/v2\/media\/46033"}],"wp:attachment":[{"href":"https:\/\/zl.jewelry\/pl\/wp-json\/wp\/v2\/media?parent=46032"}],"wp:term":[{"taxonomy":"product_brand","embeddable":true,"href":"https:\/\/zl.jewelry\/pl\/wp-json\/wp\/v2\/product_brand?post=46032"},{"taxonomy":"product_cat","embeddable":true,"href":"https:\/\/zl.jewelry\/pl\/wp-json\/wp\/v2\/product_cat?post=46032"},{"taxonomy":"product_tag","embeddable":true,"href":"https:\/\/zl.jewelry\/pl\/wp-json\/wp\/v2\/product_tag?post=46032"}],"curies":[{"name":"wp","href":"https:\/\/api.w.org\/{rel}","templated":true}]}}