{"id":46030,"date":"2025-06-18T10:55:50","date_gmt":"2025-06-18T10:55:50","guid":{"rendered":"https:\/\/zl.jewelry\/product\/chain-amulet\/"},"modified":"2025-09-26T18:26:52","modified_gmt":"2025-09-26T18:26:52","slug":"chain-amulet","status":"publish","type":"product","link":"https:\/\/zl.jewelry\/pl\/product\/chain-amulet\/","title":{"rendered":"\u0141a\u0144cuszek &#8222;Amulet&#8221;"},"content":{"rendered":"<p>\u0141a\u0144cuch&nbsp; w kolorze czerwonego z\u0142ota, z ogniwami pokrytymi czarn\u0105 emali\u0105. Zamek to pude\u0142ko z dwoma zamkami, przypominaj\u0105ce wz\u00f3r ogniw i r\u00f3wnie\u017c pokryte czarn\u0105 emali\u0105. Pomi\u0119dzy ogniwami znajduj\u0105 si\u0119 kulki \u0142\u0105cz\u0105ce. Wz\u00f3r mo\u017ce zosta\u0107 zmieniony zgodnie z \u017cyczeniem klienta. Waga zale\u017cy od zmiany rozmiaru.&nbsp;<\/p>\n","protected":false},"excerpt":{"rendered":"<p>\u0141a\u0144cuch&nbsp; w kolorze czerwonego z\u0142ota, z ogniwami pokrytymi czarn\u0105 emali\u0105. Zamek to pude\u0142ko z dwoma zamkami, przypominaj\u0105ce wz\u00f3r ogniw i r\u00f3wnie\u017c pokryte czarn\u0105 emali\u0105. Pomi\u0119dzy ogniwami znajduj\u0105 si\u0119 kulki \u0142\u0105cz\u0105ce. Wz\u00f3r mo\u017ce zosta\u0107 zmieniony zgodnie z \u017cyczeniem klienta. Waga zale\u017cy od zmiany rozmiaru.&nbsp;<\/p>\n","protected":false},"featured_media":46031,"template":"","meta":{"_acf_changed":false},"product_brand":[],"product_cat":[490,492,493,494],"product_tag":[],"class_list":{"0":"post-46030","1":"product","2":"type-product","3":"status-publish","4":"has-post-thumbnail","6":"product_cat-gold-chains","7":"product_cat-gold-chain-from-50-gr-pl","8":"product_cat-mens-chains-pl","9":"product_cat-womens-chains-pl","11":"first","12":"instock","13":"product-type-simple"},"acf":[],"_links":{"self":[{"href":"https:\/\/zl.jewelry\/pl\/wp-json\/wp\/v2\/product\/46030","targetHints":{"allow":["GET"]}}],"collection":[{"href":"https:\/\/zl.jewelry\/pl\/wp-json\/wp\/v2\/product"}],"about":[{"href":"https:\/\/zl.jewelry\/pl\/wp-json\/wp\/v2\/types\/product"}],"wp:featuredmedia":[{"embeddable":true,"href":"https:\/\/zl.jewelry\/pl\/wp-json\/wp\/v2\/media\/46031"}],"wp:attachment":[{"href":"https:\/\/zl.jewelry\/pl\/wp-json\/wp\/v2\/media?parent=46030"}],"wp:term":[{"taxonomy":"product_brand","embeddable":true,"href":"https:\/\/zl.jewelry\/pl\/wp-json\/wp\/v2\/product_brand?post=46030"},{"taxonomy":"product_cat","embeddable":true,"href":"https:\/\/zl.jewelry\/pl\/wp-json\/wp\/v2\/product_cat?post=46030"},{"taxonomy":"product_tag","embeddable":true,"href":"https:\/\/zl.jewelry\/pl\/wp-json\/wp\/v2\/product_tag?post=46030"}],"curies":[{"name":"wp","href":"https:\/\/api.w.org\/{rel}","templated":true}]}}