{"id":46024,"date":"2025-06-18T10:55:50","date_gmt":"2025-06-18T10:55:50","guid":{"rendered":"https:\/\/zl.jewelry\/product\/chain-fortune-2\/"},"modified":"2025-09-26T18:26:56","modified_gmt":"2025-09-26T18:26:56","slug":"chain-fortune-2","status":"publish","type":"product","link":"https:\/\/zl.jewelry\/pl\/product\/chain-fortune-2\/","title":{"rendered":"\u0141a\u0144cuszek &#8222;Fortune&#8221;"},"content":{"rendered":"<p>Spersonalizowany \u0142a\u0144cuszek z czerwonego i bia\u0142ego z\u0142ota. \u0141a\u0144cuszek posiada beczu\u0142ki z modlitwami oraz ogniwa \u0142\u0105cz\u0105ce. Beczki z modlitwami pokryte s\u0105 niello, a na ogniwach \u0142\u0105cz\u0105cych wymodelowana jest liczba &quot;7&quot; oraz znak zodiaku &quot;Ryby&quot;. Wstawki z rodowanego bia\u0142ego z\u0142ota. Zamek jest zamkiem skrzynkowym z pojedynczym zamkiem, przypominaj\u0105cym konstrukcj\u0119 beczki. Wz&oacute;r \u0142a\u0144cuszka mo\u017ce zosta\u0107 zmieniony na \u017cyczenie klienta. Waga z\u0142ota jest zmieniana przy zmianie rozmiaru.&nbsp;<\/p>\n<p>_x000D_<\/p>\n","protected":false},"excerpt":{"rendered":"<p>Spersonalizowany \u0142a\u0144cuszek z czerwonego i bia\u0142ego z\u0142ota. \u0141a\u0144cuszek posiada beczu\u0142ki z modlitwami oraz ogniwa \u0142\u0105cz\u0105ce. Beczki z modlitwami pokryte s\u0105 niello, a na ogniwach \u0142\u0105cz\u0105cych wymodelowana jest liczba &quot;7&quot; oraz znak zodiaku &quot;Ryby&quot;. Wstawki z rodowanego bia\u0142ego z\u0142ota. Zamek jest zamkiem skrzynkowym z pojedynczym zamkiem, przypominaj\u0105cym konstrukcj\u0119 beczki. Wz&oacute;r \u0142a\u0144cuszka mo\u017ce zosta\u0107 zmieniony na \u017cyczenie&#8230;<\/p>\n","protected":false},"featured_media":61565,"template":"","meta":{"_acf_changed":false},"product_brand":[],"product_cat":[490,492,493],"product_tag":[],"class_list":{"0":"post-46024","1":"product","2":"type-product","3":"status-publish","4":"has-post-thumbnail","6":"product_cat-gold-chains","7":"product_cat-gold-chain-from-50-gr-pl","8":"product_cat-mens-chains-pl","10":"first","11":"instock","12":"product-type-simple"},"acf":[],"_links":{"self":[{"href":"https:\/\/zl.jewelry\/pl\/wp-json\/wp\/v2\/product\/46024","targetHints":{"allow":["GET"]}}],"collection":[{"href":"https:\/\/zl.jewelry\/pl\/wp-json\/wp\/v2\/product"}],"about":[{"href":"https:\/\/zl.jewelry\/pl\/wp-json\/wp\/v2\/types\/product"}],"wp:featuredmedia":[{"embeddable":true,"href":"https:\/\/zl.jewelry\/pl\/wp-json\/wp\/v2\/media\/61565"}],"wp:attachment":[{"href":"https:\/\/zl.jewelry\/pl\/wp-json\/wp\/v2\/media?parent=46024"}],"wp:term":[{"taxonomy":"product_brand","embeddable":true,"href":"https:\/\/zl.jewelry\/pl\/wp-json\/wp\/v2\/product_brand?post=46024"},{"taxonomy":"product_cat","embeddable":true,"href":"https:\/\/zl.jewelry\/pl\/wp-json\/wp\/v2\/product_cat?post=46024"},{"taxonomy":"product_tag","embeddable":true,"href":"https:\/\/zl.jewelry\/pl\/wp-json\/wp\/v2\/product_tag?post=46024"}],"curies":[{"name":"wp","href":"https:\/\/api.w.org\/{rel}","templated":true}]}}