{"id":45978,"date":"2025-06-18T10:55:55","date_gmt":"2025-06-18T10:55:55","guid":{"rendered":"https:\/\/zl.jewelry\/product\/chain-eight-elements\/"},"modified":"2025-09-26T18:26:57","modified_gmt":"2025-09-26T18:26:57","slug":"chain-eight-elements","status":"publish","type":"product","link":"https:\/\/zl.jewelry\/pl\/product\/chain-eight-elements\/","title":{"rendered":"\u0141a\u0144cuch &#8222;Osiem \u017cywio\u0142\u00f3w"},"content":{"rendered":"<p>\u0141a\u0144cuszek wykonany jest z czerwonego z\u0142ota, waga z\u0142ota zmienia si\u0119 w zale\u017cno\u015bci od d\u0142ugo\u015bci. Na \u0142a\u0144cuszku znajduje si\u0119 osiem element&oacute;w i wstawka z czarnym diamentem, kt&oacute;re si\u0119 powtarzaj\u0105. Ka\u017cde ogniwo jest znakiem z 2 stron. Wstawki z czarnymi diamentami, \u015brednica 3,50mm (6szt). Elementy pokryte s\u0105 emali\u0105 chenrnoy, \u0142\u0105cz\u0105ce ogniwa niebiesk\u0105 emali\u0105. Zamek &#8211; pude\u0142ko ma wz&oacute;r ogniwa z dwoma fiaksatorami.&nbsp;<\/p>\n<p>_x000D_<\/p>\n","protected":false},"excerpt":{"rendered":"<p>\u0141a\u0144cuszek wykonany jest z czerwonego z\u0142ota, waga z\u0142ota zmienia si\u0119 w zale\u017cno\u015bci od d\u0142ugo\u015bci. Na \u0142a\u0144cuszku znajduje si\u0119 osiem element&oacute;w i wstawka z czarnym diamentem, kt&oacute;re si\u0119 powtarzaj\u0105. Ka\u017cde ogniwo jest znakiem z 2 stron. Wstawki z czarnymi diamentami, \u015brednica 3,50mm (6szt). Elementy pokryte s\u0105 emali\u0105 chenrnoy, \u0142\u0105cz\u0105ce ogniwa niebiesk\u0105 emali\u0105. Zamek &#8211; pude\u0142ko ma&#8230;<\/p>\n","protected":false},"featured_media":61340,"template":"","meta":{"_acf_changed":false},"product_brand":[],"product_cat":[490,492,493],"product_tag":[],"class_list":{"0":"post-45978","1":"product","2":"type-product","3":"status-publish","4":"has-post-thumbnail","6":"product_cat-gold-chains","7":"product_cat-gold-chain-from-50-gr-pl","8":"product_cat-mens-chains-pl","10":"first","11":"instock","12":"product-type-simple"},"acf":[],"_links":{"self":[{"href":"https:\/\/zl.jewelry\/pl\/wp-json\/wp\/v2\/product\/45978","targetHints":{"allow":["GET"]}}],"collection":[{"href":"https:\/\/zl.jewelry\/pl\/wp-json\/wp\/v2\/product"}],"about":[{"href":"https:\/\/zl.jewelry\/pl\/wp-json\/wp\/v2\/types\/product"}],"wp:featuredmedia":[{"embeddable":true,"href":"https:\/\/zl.jewelry\/pl\/wp-json\/wp\/v2\/media\/61340"}],"wp:attachment":[{"href":"https:\/\/zl.jewelry\/pl\/wp-json\/wp\/v2\/media?parent=45978"}],"wp:term":[{"taxonomy":"product_brand","embeddable":true,"href":"https:\/\/zl.jewelry\/pl\/wp-json\/wp\/v2\/product_brand?post=45978"},{"taxonomy":"product_cat","embeddable":true,"href":"https:\/\/zl.jewelry\/pl\/wp-json\/wp\/v2\/product_cat?post=45978"},{"taxonomy":"product_tag","embeddable":true,"href":"https:\/\/zl.jewelry\/pl\/wp-json\/wp\/v2\/product_tag?post=45978"}],"curies":[{"name":"wp","href":"https:\/\/api.w.org\/{rel}","templated":true}]}}