{"id":45974,"date":"2025-06-18T10:56:00","date_gmt":"2025-06-18T10:56:00","guid":{"rendered":"https:\/\/zl.jewelry\/product\/bracelet-rune\/"},"modified":"2025-09-26T18:27:06","modified_gmt":"2025-09-26T18:27:06","slug":"bracelet-rune","status":"publish","type":"product","link":"https:\/\/zl.jewelry\/pl\/product\/bracelet-rune\/","title":{"rendered":"Bransoletka &#8222;Runy&#8221;"},"content":{"rendered":"<p>Bransoletka sk&oacute;rzana ze z\u0142otymi wstawkami. Waga zale\u017cy od rozmiaru wstawek, przy szeroko\u015bci sk&oacute;ry 10,00 mm i rozmiarze 21 cm, waga z\u0142ota w bransolecie wynosi 14,56 grama. Wk\u0142adki s\u0105 modelowane runami, kt&oacute;re s\u0105 pokryte czarn\u0105 emali\u0105. Zapi\u0119cie to pude\u0142ko z jednym zamkiem, grawer na tylnej stronie, na \u017cyczenie klienta.<\/p>\n<p>_x000D_<\/p>\n","protected":false},"excerpt":{"rendered":"<p>Bransoletka sk&oacute;rzana ze z\u0142otymi wstawkami. Waga zale\u017cy od rozmiaru wstawek, przy szeroko\u015bci sk&oacute;ry 10,00 mm i rozmiarze 21 cm, waga z\u0142ota w bransolecie wynosi 14,56 grama. Wk\u0142adki s\u0105 modelowane runami, kt&oacute;re s\u0105 pokryte czarn\u0105 emali\u0105. Zapi\u0119cie to pude\u0142ko z jednym zamkiem, grawer na tylnej stronie, na \u017cyczenie klienta. _x000D_<\/p>\n","protected":false},"featured_media":45975,"template":"","meta":{"_acf_changed":false},"product_brand":[],"product_cat":[557,560,561],"product_tag":[],"class_list":{"0":"post-45974","1":"product","2":"type-product","3":"status-publish","4":"has-post-thumbnail","6":"product_cat-bracelets-pl","7":"product_cat-gold-bracelets-up-to-30-gr-pl","8":"product_cat-leather-bracelets-with-gold-inserts-pl","10":"first","11":"instock","12":"product-type-simple"},"acf":[],"_links":{"self":[{"href":"https:\/\/zl.jewelry\/pl\/wp-json\/wp\/v2\/product\/45974","targetHints":{"allow":["GET"]}}],"collection":[{"href":"https:\/\/zl.jewelry\/pl\/wp-json\/wp\/v2\/product"}],"about":[{"href":"https:\/\/zl.jewelry\/pl\/wp-json\/wp\/v2\/types\/product"}],"wp:featuredmedia":[{"embeddable":true,"href":"https:\/\/zl.jewelry\/pl\/wp-json\/wp\/v2\/media\/45975"}],"wp:attachment":[{"href":"https:\/\/zl.jewelry\/pl\/wp-json\/wp\/v2\/media?parent=45974"}],"wp:term":[{"taxonomy":"product_brand","embeddable":true,"href":"https:\/\/zl.jewelry\/pl\/wp-json\/wp\/v2\/product_brand?post=45974"},{"taxonomy":"product_cat","embeddable":true,"href":"https:\/\/zl.jewelry\/pl\/wp-json\/wp\/v2\/product_cat?post=45974"},{"taxonomy":"product_tag","embeddable":true,"href":"https:\/\/zl.jewelry\/pl\/wp-json\/wp\/v2\/product_tag?post=45974"}],"curies":[{"name":"wp","href":"https:\/\/api.w.org\/{rel}","templated":true}]}}