{"id":45968,"date":"2025-06-18T10:56:00","date_gmt":"2025-06-18T10:56:00","guid":{"rendered":"https:\/\/zl.jewelry\/product\/rope-minimal\/"},"modified":"2025-09-26T18:27:06","modified_gmt":"2025-09-26T18:27:06","slug":"rope-minimal","status":"publish","type":"product","link":"https:\/\/zl.jewelry\/pl\/product\/rope-minimal\/","title":{"rendered":"Sznur &#8222;Minimal&#8221;"},"content":{"rendered":"<p>Sznur z inkrustacj\u0105 z czerwonego z\u0142ota. Waga 9 gram\u00f3w. Wk\u0142adki s\u0105 g\u0142adkie, zamek jest pude\u0142kowy, okr\u0105g\u0142y z jednym zamkiem. \u015arednica liny wynosi 6 mm.<\/p>\n","protected":false},"excerpt":{"rendered":"<p>Sznur z inkrustacj\u0105 z czerwonego z\u0142ota. Waga 9 gram\u00f3w. Wk\u0142adki s\u0105 g\u0142adkie, zamek jest pude\u0142kowy, okr\u0105g\u0142y z jednym zamkiem. \u015arednica liny wynosi 6 mm.<\/p>\n","protected":false},"featured_media":45969,"template":"","meta":{"_acf_changed":false},"product_brand":[],"product_cat":[496,497,499],"product_tag":[],"class_list":{"0":"post-45968","1":"product","2":"type-product","3":"status-publish","4":"has-post-thumbnail","6":"product_cat-jewelry-laces-pl","7":"product_cat-childrens-womens-pl","8":"product_cat-nylon-mens-pl","10":"first","11":"instock","12":"product-type-simple"},"acf":[],"_links":{"self":[{"href":"https:\/\/zl.jewelry\/pl\/wp-json\/wp\/v2\/product\/45968","targetHints":{"allow":["GET"]}}],"collection":[{"href":"https:\/\/zl.jewelry\/pl\/wp-json\/wp\/v2\/product"}],"about":[{"href":"https:\/\/zl.jewelry\/pl\/wp-json\/wp\/v2\/types\/product"}],"wp:featuredmedia":[{"embeddable":true,"href":"https:\/\/zl.jewelry\/pl\/wp-json\/wp\/v2\/media\/45969"}],"wp:attachment":[{"href":"https:\/\/zl.jewelry\/pl\/wp-json\/wp\/v2\/media?parent=45968"}],"wp:term":[{"taxonomy":"product_brand","embeddable":true,"href":"https:\/\/zl.jewelry\/pl\/wp-json\/wp\/v2\/product_brand?post=45968"},{"taxonomy":"product_cat","embeddable":true,"href":"https:\/\/zl.jewelry\/pl\/wp-json\/wp\/v2\/product_cat?post=45968"},{"taxonomy":"product_tag","embeddable":true,"href":"https:\/\/zl.jewelry\/pl\/wp-json\/wp\/v2\/product_tag?post=45968"}],"curies":[{"name":"wp","href":"https:\/\/api.w.org\/{rel}","templated":true}]}}