{"id":45954,"date":"2025-06-18T10:56:00","date_gmt":"2025-06-18T10:56:00","guid":{"rendered":"https:\/\/zl.jewelry\/product\/ring-alsace\/"},"modified":"2025-09-26T18:27:04","modified_gmt":"2025-09-26T18:27:04","slug":"ring-alsace","status":"publish","type":"product","link":"https:\/\/zl.jewelry\/pl\/product\/ring-alsace\/","title":{"rendered":"Pier\u015bcionek &#8222;Alsace&#8221;"},"content":{"rendered":"<p>Pier\u015bcionek jest transformatorem w po\u0142\u0105czeniu czerwonego i bia\u0142ego z\u0142ota. Waga jest w korelacji z rozmiarem, przy rozmiarze 17,5 waga z\u0142ota w bi\u017cuterii wynosi 8,73 grama. Pier\u015bcionek &#8211; obudowa jest g\u0142adka, z bia\u0142ego z\u0142ota, pokryta rodem. Obr\u0105czka &#8211; wstawka z czerwonego z\u0142ota, z rozproszeniem kamieni, \u015brednica 4mm;&nbsp; 1,5mm. Pier\u015bcionek mo\u017ce by\u0107 wykonany w preferowanym przez klienta rozmiarze i wzorze. Mo\u017cemy r\u00f3wnie\u017c osadzi\u0107 dowolne kamienie, zgodnie z po\u017c\u0105danymi cechami i bud\u017cetem.&nbsp;<\/p>\n<p>&nbsp;<\/p>\n","protected":false},"excerpt":{"rendered":"<p>Pier\u015bcionek jest transformatorem w po\u0142\u0105czeniu czerwonego i bia\u0142ego z\u0142ota. Waga jest w korelacji z rozmiarem, przy rozmiarze 17,5 waga z\u0142ota w bi\u017cuterii wynosi 8,73 grama. Pier\u015bcionek &#8211; obudowa jest g\u0142adka, z bia\u0142ego z\u0142ota, pokryta rodem. Obr\u0105czka &#8211; wstawka z czerwonego z\u0142ota, z rozproszeniem kamieni, \u015brednica 4mm;&nbsp; 1,5mm. Pier\u015bcionek mo\u017ce by\u0107 wykonany w preferowanym przez klienta&#8230;<\/p>\n","protected":false},"featured_media":45955,"template":"","meta":{"_acf_changed":false},"product_brand":[],"product_cat":[514,519,522],"product_tag":[],"class_list":{"0":"post-45954","1":"product","2":"type-product","3":"status-publish","4":"has-post-thumbnail","6":"product_cat-golden-rings-pl","7":"product_cat-rings-with-diamonds-pl","8":"product_cat-with-rocks-pl","10":"first","11":"instock","12":"product-type-simple"},"acf":[],"_links":{"self":[{"href":"https:\/\/zl.jewelry\/pl\/wp-json\/wp\/v2\/product\/45954","targetHints":{"allow":["GET"]}}],"collection":[{"href":"https:\/\/zl.jewelry\/pl\/wp-json\/wp\/v2\/product"}],"about":[{"href":"https:\/\/zl.jewelry\/pl\/wp-json\/wp\/v2\/types\/product"}],"wp:featuredmedia":[{"embeddable":true,"href":"https:\/\/zl.jewelry\/pl\/wp-json\/wp\/v2\/media\/45955"}],"wp:attachment":[{"href":"https:\/\/zl.jewelry\/pl\/wp-json\/wp\/v2\/media?parent=45954"}],"wp:term":[{"taxonomy":"product_brand","embeddable":true,"href":"https:\/\/zl.jewelry\/pl\/wp-json\/wp\/v2\/product_brand?post=45954"},{"taxonomy":"product_cat","embeddable":true,"href":"https:\/\/zl.jewelry\/pl\/wp-json\/wp\/v2\/product_cat?post=45954"},{"taxonomy":"product_tag","embeddable":true,"href":"https:\/\/zl.jewelry\/pl\/wp-json\/wp\/v2\/product_tag?post=45954"}],"curies":[{"name":"wp","href":"https:\/\/api.w.org\/{rel}","templated":true}]}}