{"id":45932,"date":"2025-06-18T10:56:06","date_gmt":"2025-06-18T10:56:06","guid":{"rendered":"https:\/\/zl.jewelry\/product\/seal-monarch\/"},"modified":"2025-09-26T18:27:12","modified_gmt":"2025-09-26T18:27:12","slug":"seal-monarch","status":"publish","type":"product","link":"https:\/\/zl.jewelry\/pl\/product\/seal-monarch\/","title":{"rendered":"Pier\u015bcie\u0144 &#8222;Monarch&#8221;"},"content":{"rendered":"<p>M\u0119ski pier\u015bcionek z czerwonego i bia\u0142ego z\u0142ota. Waga zmienia si\u0119 w zale\u017cno\u015bci od rozmiaru. W centralnej cz\u0119\u015bci znajduje si\u0119 nak\u0142adka z bia\u0142ego z\u0142ota, a tak\u017ce w centralnej cz\u0119\u015bci znajduj\u0105 si\u0119 kamienie o \u015brednicy 6mm; 3,25mm (4szt); 1,5mm (48szt); 1,25mm (4szt). Po bokach znajduj\u0105 si\u0119 wizerunki \u015bwi\u0119tych takich jak: \u015awi\u0119ty Miko\u0142aj i \u015awi\u0119ty Jerzy Zwyci\u0119zca w bia\u0142ym z\u0142ocie. W wewn\u0119trznej cz\u0119\u015bci znajduje si\u0119 nak\u0142adka w formie paj\u0119czej sieci z bia\u0142ego z\u0142ota. Wk\u0142adki z bia\u0142ego z\u0142ota platerowane rodem. Kamienie mog\u0105 by\u0107 osadzone dowolnie, na \u017cyczenie klienta.<\/p>\n","protected":false},"excerpt":{"rendered":"<p>M\u0119ski pier\u015bcionek z czerwonego i bia\u0142ego z\u0142ota. Waga zmienia si\u0119 w zale\u017cno\u015bci od rozmiaru. W centralnej cz\u0119\u015bci znajduje si\u0119 nak\u0142adka z bia\u0142ego z\u0142ota, a tak\u017ce w centralnej cz\u0119\u015bci znajduj\u0105 si\u0119 kamienie o \u015brednicy 6mm; 3,25mm (4szt); 1,5mm (48szt); 1,25mm (4szt). Po bokach znajduj\u0105 si\u0119 wizerunki \u015bwi\u0119tych takich jak: \u015awi\u0119ty Miko\u0142aj i \u015awi\u0119ty Jerzy Zwyci\u0119zca w&#8230;<\/p>\n","protected":false},"featured_media":45933,"template":"","meta":{"_acf_changed":false},"product_brand":[],"product_cat":[517,589],"product_tag":[],"class_list":{"0":"post-45932","1":"product","2":"type-product","3":"status-publish","4":"has-post-thumbnail","6":"product_cat-mens-rings-and-seals-pl","7":"product_cat-signet-rings-pl","9":"first","10":"instock","11":"product-type-simple"},"acf":[],"_links":{"self":[{"href":"https:\/\/zl.jewelry\/pl\/wp-json\/wp\/v2\/product\/45932","targetHints":{"allow":["GET"]}}],"collection":[{"href":"https:\/\/zl.jewelry\/pl\/wp-json\/wp\/v2\/product"}],"about":[{"href":"https:\/\/zl.jewelry\/pl\/wp-json\/wp\/v2\/types\/product"}],"wp:featuredmedia":[{"embeddable":true,"href":"https:\/\/zl.jewelry\/pl\/wp-json\/wp\/v2\/media\/45933"}],"wp:attachment":[{"href":"https:\/\/zl.jewelry\/pl\/wp-json\/wp\/v2\/media?parent=45932"}],"wp:term":[{"taxonomy":"product_brand","embeddable":true,"href":"https:\/\/zl.jewelry\/pl\/wp-json\/wp\/v2\/product_brand?post=45932"},{"taxonomy":"product_cat","embeddable":true,"href":"https:\/\/zl.jewelry\/pl\/wp-json\/wp\/v2\/product_cat?post=45932"},{"taxonomy":"product_tag","embeddable":true,"href":"https:\/\/zl.jewelry\/pl\/wp-json\/wp\/v2\/product_tag?post=45932"}],"curies":[{"name":"wp","href":"https:\/\/api.w.org\/{rel}","templated":true}]}}