{"id":45912,"date":"2025-06-18T10:56:06","date_gmt":"2025-06-18T10:56:06","guid":{"rendered":"https:\/\/zl.jewelry\/product\/bracelet-scorpions\/"},"modified":"2025-09-26T18:27:10","modified_gmt":"2025-09-26T18:27:10","slug":"bracelet-scorpions","status":"publish","type":"product","link":"https:\/\/zl.jewelry\/pl\/product\/bracelet-scorpions\/","title":{"rendered":"Bransoletka &#8222;Skorpiony&#8221;."},"content":{"rendered":"<p>Bransoletka w kolorze cytrynowego z\u0142ota, na sk\u00f3rze p\u0142aszczki. Waga zovisit od wymiar\u00f3w wk\u0142adek, rozmiar bransoletki 20,5 cm, waga 33,56 gram\u00f3w. Na wk\u0142adkach z przodu inicja\u0142y ozdobn\u0105 czcionk\u0105, a po wewn\u0119trznej stronie wa\u017cne dla klientki figury, buksy votkrug i pole figury pokryte niebiesk\u0105 emali\u0105. Zapi\u0119cie oryginalne na \u017cyczenie klienta. Sk\u00f3ra o \u015brednicy oko\u0142o 3,5 mm.<\/p>\n","protected":false},"excerpt":{"rendered":"<p>Bransoletka w kolorze cytrynowego z\u0142ota, na sk\u00f3rze p\u0142aszczki. Waga zovisit od wymiar\u00f3w wk\u0142adek, rozmiar bransoletki 20,5 cm, waga 33,56 gram\u00f3w. Na wk\u0142adkach z przodu inicja\u0142y ozdobn\u0105 czcionk\u0105, a po wewn\u0119trznej stronie wa\u017cne dla klientki figury, buksy votkrug i pole figury pokryte niebiesk\u0105 emali\u0105. Zapi\u0119cie oryginalne na \u017cyczenie klienta. Sk\u00f3ra o \u015brednicy oko\u0142o 3,5 mm.<\/p>\n","protected":false},"featured_media":45913,"template":"","meta":{"_acf_changed":false},"product_brand":[],"product_cat":[557,559,561],"product_tag":[],"class_list":{"0":"post-45912","1":"product","2":"type-product","3":"status-publish","4":"has-post-thumbnail","6":"product_cat-bracelets-pl","7":"product_cat-gold-bracelets-from-30-gr-pl","8":"product_cat-leather-bracelets-with-gold-inserts-pl","10":"first","11":"instock","12":"product-type-simple"},"acf":[],"_links":{"self":[{"href":"https:\/\/zl.jewelry\/pl\/wp-json\/wp\/v2\/product\/45912","targetHints":{"allow":["GET"]}}],"collection":[{"href":"https:\/\/zl.jewelry\/pl\/wp-json\/wp\/v2\/product"}],"about":[{"href":"https:\/\/zl.jewelry\/pl\/wp-json\/wp\/v2\/types\/product"}],"wp:featuredmedia":[{"embeddable":true,"href":"https:\/\/zl.jewelry\/pl\/wp-json\/wp\/v2\/media\/45913"}],"wp:attachment":[{"href":"https:\/\/zl.jewelry\/pl\/wp-json\/wp\/v2\/media?parent=45912"}],"wp:term":[{"taxonomy":"product_brand","embeddable":true,"href":"https:\/\/zl.jewelry\/pl\/wp-json\/wp\/v2\/product_brand?post=45912"},{"taxonomy":"product_cat","embeddable":true,"href":"https:\/\/zl.jewelry\/pl\/wp-json\/wp\/v2\/product_cat?post=45912"},{"taxonomy":"product_tag","embeddable":true,"href":"https:\/\/zl.jewelry\/pl\/wp-json\/wp\/v2\/product_tag?post=45912"}],"curies":[{"name":"wp","href":"https:\/\/api.w.org\/{rel}","templated":true}]}}