{"id":45910,"date":"2025-06-18T10:56:06","date_gmt":"2025-06-18T10:56:06","guid":{"rendered":"https:\/\/zl.jewelry\/product\/bracelet-stars\/"},"modified":"2025-09-26T18:27:09","modified_gmt":"2025-09-26T18:27:09","slug":"bracelet-stars","status":"publish","type":"product","link":"https:\/\/zl.jewelry\/pl\/product\/bracelet-stars\/","title":{"rendered":"Bransoletka &#8222;Starz&#8221;"},"content":{"rendered":"<p>Bransoletka na p\u0142askim kauczuku, szeroko\u015b\u0107 kauczuku 7mm, bransoletka sk\u0142ada si\u0119 z dw&oacute;ch r&oacute;wnoleg\u0142ych pask&oacute;w. Na jednym pasku znajduj\u0105 si\u0119 dwie g\u0142adkie wstawki, a na drugim jedna. Wstawki wykonane s\u0105 z czerwonego z\u0142ota, szeroko\u015b\u0107 7mm. Zapi\u0119cie to karabi\u0144czyk, z dwoma g\u0142adkimi ko\u0144cami, r&oacute;wnie\u017c na zapi\u0119ciu znajduje si\u0119 zawieszka z napisem &quot;Love&quot;. Waga zale\u017cy od \u015brednicy i&nbsp;ilo\u015bci wk\u0142adek, przy rozmiarze 19,5cm waga z\u0142ota w&nbsp;bransoletce wynosi 9,80 grama. Wz&oacute;r mo\u017ce by\u0107 modyfikowany.<\/p>\n<p>_x000D_<\/p>\n","protected":false},"excerpt":{"rendered":"<p>Bransoletka na p\u0142askim kauczuku, szeroko\u015b\u0107 kauczuku 7mm, bransoletka sk\u0142ada si\u0119 z dw&oacute;ch r&oacute;wnoleg\u0142ych pask&oacute;w. Na jednym pasku znajduj\u0105 si\u0119 dwie g\u0142adkie wstawki, a na drugim jedna. Wstawki wykonane s\u0105 z czerwonego z\u0142ota, szeroko\u015b\u0107 7mm. Zapi\u0119cie to karabi\u0144czyk, z dwoma g\u0142adkimi ko\u0144cami, r&oacute;wnie\u017c na zapi\u0119ciu znajduje si\u0119 zawieszka z napisem &quot;Love&quot;. Waga zale\u017cy od \u015brednicy i&nbsp;ilo\u015bci&#8230;<\/p>\n","protected":false},"featured_media":45911,"template":"","meta":{"_acf_changed":false},"product_brand":[],"product_cat":[557,561,560],"product_tag":[],"class_list":{"0":"post-45910","1":"product","2":"type-product","3":"status-publish","4":"has-post-thumbnail","6":"product_cat-bracelets-pl","7":"product_cat-leather-bracelets-with-gold-inserts-pl","8":"product_cat-gold-bracelets-up-to-30-gr-pl","10":"first","11":"instock","12":"product-type-simple"},"acf":[],"_links":{"self":[{"href":"https:\/\/zl.jewelry\/pl\/wp-json\/wp\/v2\/product\/45910","targetHints":{"allow":["GET"]}}],"collection":[{"href":"https:\/\/zl.jewelry\/pl\/wp-json\/wp\/v2\/product"}],"about":[{"href":"https:\/\/zl.jewelry\/pl\/wp-json\/wp\/v2\/types\/product"}],"wp:featuredmedia":[{"embeddable":true,"href":"https:\/\/zl.jewelry\/pl\/wp-json\/wp\/v2\/media\/45911"}],"wp:attachment":[{"href":"https:\/\/zl.jewelry\/pl\/wp-json\/wp\/v2\/media?parent=45910"}],"wp:term":[{"taxonomy":"product_brand","embeddable":true,"href":"https:\/\/zl.jewelry\/pl\/wp-json\/wp\/v2\/product_brand?post=45910"},{"taxonomy":"product_cat","embeddable":true,"href":"https:\/\/zl.jewelry\/pl\/wp-json\/wp\/v2\/product_cat?post=45910"},{"taxonomy":"product_tag","embeddable":true,"href":"https:\/\/zl.jewelry\/pl\/wp-json\/wp\/v2\/product_tag?post=45910"}],"curies":[{"name":"wp","href":"https:\/\/api.w.org\/{rel}","templated":true}]}}