{"id":45902,"date":"2025-06-18T10:56:06","date_gmt":"2025-06-18T10:56:06","guid":{"rendered":"https:\/\/zl.jewelry\/product\/ring-solumbus\/"},"modified":"2025-09-26T18:27:09","modified_gmt":"2025-09-26T18:27:09","slug":"ring-solumbus","status":"publish","type":"product","link":"https:\/\/zl.jewelry\/pl\/product\/ring-solumbus\/","title":{"rendered":"Pier\u015bcionek &#8222;Solumbus&#8221;"},"content":{"rendered":"<p>Obr\u0105czka m\u0119ska w kolorze czerwonego z\u0142ota&nbsp; z rodowan\u0105 nak\u0142adk\u0105 z bia\u0142ego z\u0142ota. Waga r\u00f3\u017cni si\u0119 w zale\u017cno\u015bci od rozmiaru. Na przedniej stronie, w \u015brodku&nbsp; wk\u0142adka z logo z bia\u0142ego z\u0142ota. Po bokach znajduje si\u0119 wymodelowany napis &quot;Columbus family&quot;, kt\u00f3ry jest pokryty czernionym z\u0142otem.&nbsp;<\/p>\n","protected":false},"excerpt":{"rendered":"<p>Obr\u0105czka m\u0119ska w kolorze czerwonego z\u0142ota&nbsp; z rodowan\u0105 nak\u0142adk\u0105 z bia\u0142ego z\u0142ota. Waga r\u00f3\u017cni si\u0119 w zale\u017cno\u015bci od rozmiaru. Na przedniej stronie, w \u015brodku&nbsp; wk\u0142adka z logo z bia\u0142ego z\u0142ota. Po bokach znajduje si\u0119 wymodelowany napis &quot;Columbus family&quot;, kt\u00f3ry jest pokryty czernionym z\u0142otem.&nbsp;<\/p>\n","protected":false},"featured_media":49035,"template":"","meta":{"_acf_changed":false},"product_brand":[],"product_cat":[517,589],"product_tag":[],"class_list":{"0":"post-45902","1":"product","2":"type-product","3":"status-publish","4":"has-post-thumbnail","6":"product_cat-mens-rings-and-seals-pl","7":"product_cat-signet-rings-pl","9":"first","10":"instock","11":"product-type-simple"},"acf":[],"_links":{"self":[{"href":"https:\/\/zl.jewelry\/pl\/wp-json\/wp\/v2\/product\/45902","targetHints":{"allow":["GET"]}}],"collection":[{"href":"https:\/\/zl.jewelry\/pl\/wp-json\/wp\/v2\/product"}],"about":[{"href":"https:\/\/zl.jewelry\/pl\/wp-json\/wp\/v2\/types\/product"}],"wp:featuredmedia":[{"embeddable":true,"href":"https:\/\/zl.jewelry\/pl\/wp-json\/wp\/v2\/media\/49035"}],"wp:attachment":[{"href":"https:\/\/zl.jewelry\/pl\/wp-json\/wp\/v2\/media?parent=45902"}],"wp:term":[{"taxonomy":"product_brand","embeddable":true,"href":"https:\/\/zl.jewelry\/pl\/wp-json\/wp\/v2\/product_brand?post=45902"},{"taxonomy":"product_cat","embeddable":true,"href":"https:\/\/zl.jewelry\/pl\/wp-json\/wp\/v2\/product_cat?post=45902"},{"taxonomy":"product_tag","embeddable":true,"href":"https:\/\/zl.jewelry\/pl\/wp-json\/wp\/v2\/product_tag?post=45902"}],"curies":[{"name":"wp","href":"https:\/\/api.w.org\/{rel}","templated":true}]}}