{"id":45900,"date":"2025-06-18T10:56:06","date_gmt":"2025-06-18T10:56:06","guid":{"rendered":"https:\/\/zl.jewelry\/product\/bracelet-snake\/"},"modified":"2025-09-26T18:27:08","modified_gmt":"2025-09-26T18:27:08","slug":"bracelet-snake","status":"publish","type":"product","link":"https:\/\/zl.jewelry\/pl\/product\/bracelet-snake\/","title":{"rendered":"Bransoletka  &#8222;W\u0105\u017c&#8221;"},"content":{"rendered":"<p>Bransoletka sk&oacute;rzana, z wstawkami z czerwonego z\u0142ota. Waga r&oacute;\u017cni si\u0119 w zale\u017cno\u015bci od \u015brednicy i liczby wstawek, przy przybli\u017conej \u015brednicy sk&oacute;ry 3mm i rozmiarze 18, waga z\u0142ota w bransolecie 19,58 grama. Dwie wstawki s\u0105 g\u0142adkie, dwie kolejne wstawki z wzorami, jedna z wstawek ma kamie\u0144 o \u015brednicy 3,50 mm, wstawka w\u0119\u017ca ma modelowane wzory podobne do sk&oacute;ry, a oczy maj\u0105 kamienie o \u015brednicy 1,25 mm. Kamienie mog\u0105 by\u0107 osadzone w dowolny spos&oacute;b. Wszystkie wzory s\u0105 pokryte niello.<\/p>\n<p>_x000D_<\/p>\n","protected":false},"excerpt":{"rendered":"<p>Bransoletka sk&oacute;rzana, z wstawkami z czerwonego z\u0142ota. Waga r&oacute;\u017cni si\u0119 w zale\u017cno\u015bci od \u015brednicy i liczby wstawek, przy przybli\u017conej \u015brednicy sk&oacute;ry 3mm i rozmiarze 18, waga z\u0142ota w bransolecie 19,58 grama. Dwie wstawki s\u0105 g\u0142adkie, dwie kolejne wstawki z wzorami, jedna z wstawek ma kamie\u0144 o \u015brednicy 3,50 mm, wstawka w\u0119\u017ca ma modelowane wzory podobne&#8230;<\/p>\n","protected":false},"featured_media":45901,"template":"","meta":{"_acf_changed":false},"product_brand":[],"product_cat":[557,560,561],"product_tag":[],"class_list":{"0":"post-45900","1":"product","2":"type-product","3":"status-publish","4":"has-post-thumbnail","6":"product_cat-bracelets-pl","7":"product_cat-gold-bracelets-up-to-30-gr-pl","8":"product_cat-leather-bracelets-with-gold-inserts-pl","10":"first","11":"instock","12":"product-type-simple"},"acf":[],"_links":{"self":[{"href":"https:\/\/zl.jewelry\/pl\/wp-json\/wp\/v2\/product\/45900","targetHints":{"allow":["GET"]}}],"collection":[{"href":"https:\/\/zl.jewelry\/pl\/wp-json\/wp\/v2\/product"}],"about":[{"href":"https:\/\/zl.jewelry\/pl\/wp-json\/wp\/v2\/types\/product"}],"wp:featuredmedia":[{"embeddable":true,"href":"https:\/\/zl.jewelry\/pl\/wp-json\/wp\/v2\/media\/45901"}],"wp:attachment":[{"href":"https:\/\/zl.jewelry\/pl\/wp-json\/wp\/v2\/media?parent=45900"}],"wp:term":[{"taxonomy":"product_brand","embeddable":true,"href":"https:\/\/zl.jewelry\/pl\/wp-json\/wp\/v2\/product_brand?post=45900"},{"taxonomy":"product_cat","embeddable":true,"href":"https:\/\/zl.jewelry\/pl\/wp-json\/wp\/v2\/product_cat?post=45900"},{"taxonomy":"product_tag","embeddable":true,"href":"https:\/\/zl.jewelry\/pl\/wp-json\/wp\/v2\/product_tag?post=45900"}],"curies":[{"name":"wp","href":"https:\/\/api.w.org\/{rel}","templated":true}]}}