{"id":45896,"date":"2025-06-18T10:56:11","date_gmt":"2025-06-18T10:56:11","guid":{"rendered":"https:\/\/zl.jewelry\/product\/cross-orthodox-spherical\/"},"modified":"2025-09-26T18:27:17","modified_gmt":"2025-09-26T18:27:17","slug":"cross-orthodox-spherical","status":"publish","type":"product","link":"https:\/\/zl.jewelry\/pl\/product\/cross-orthodox-spherical\/","title":{"rendered":"Kulisty krzy\u017c prawos\u0142awny"},"content":{"rendered":"<p>Oryginalny krzy\u017cyk z czerwonego z\u0142ota. Waga jest w proporcji wymiar\u00f3w, przy wysoko\u015bci bi\u017cuterii bez uszka 30mm, waga z\u0142ota w krzy\u017cyku wynosi 7,12 grama. Z przodu znajduje si\u0119 nak\u0142adka w formie krucyfiksu z bia\u0142ego z\u0142ota, rodowana.<\/p>\n","protected":false},"excerpt":{"rendered":"<p>Oryginalny krzy\u017cyk z czerwonego z\u0142ota. Waga jest w proporcji wymiar\u00f3w, przy wysoko\u015bci bi\u017cuterii bez uszka 30mm, waga z\u0142ota w krzy\u017cyku wynosi 7,12 grama. Z przodu znajduje si\u0119 nak\u0142adka w formie krucyfiksu z bia\u0142ego z\u0142ota, rodowana.<\/p>\n","protected":false},"featured_media":63334,"template":"","meta":{"_acf_changed":false},"product_brand":[],"product_cat":[504,510,513],"product_tag":[],"class_list":{"0":"post-45896","1":"product","2":"type-product","3":"status-publish","4":"has-post-thumbnail","6":"product_cat-golden-crosses-pl","7":"product_cat-mens-crosses-pl","8":"product_cat-womens-crosses-pl","10":"first","11":"instock","12":"product-type-simple"},"acf":[],"_links":{"self":[{"href":"https:\/\/zl.jewelry\/pl\/wp-json\/wp\/v2\/product\/45896","targetHints":{"allow":["GET"]}}],"collection":[{"href":"https:\/\/zl.jewelry\/pl\/wp-json\/wp\/v2\/product"}],"about":[{"href":"https:\/\/zl.jewelry\/pl\/wp-json\/wp\/v2\/types\/product"}],"wp:featuredmedia":[{"embeddable":true,"href":"https:\/\/zl.jewelry\/pl\/wp-json\/wp\/v2\/media\/63334"}],"wp:attachment":[{"href":"https:\/\/zl.jewelry\/pl\/wp-json\/wp\/v2\/media?parent=45896"}],"wp:term":[{"taxonomy":"product_brand","embeddable":true,"href":"https:\/\/zl.jewelry\/pl\/wp-json\/wp\/v2\/product_brand?post=45896"},{"taxonomy":"product_cat","embeddable":true,"href":"https:\/\/zl.jewelry\/pl\/wp-json\/wp\/v2\/product_cat?post=45896"},{"taxonomy":"product_tag","embeddable":true,"href":"https:\/\/zl.jewelry\/pl\/wp-json\/wp\/v2\/product_tag?post=45896"}],"curies":[{"name":"wp","href":"https:\/\/api.w.org\/{rel}","templated":true}]}}