{"id":45894,"date":"2025-06-18T10:56:11","date_gmt":"2025-06-18T10:56:11","guid":{"rendered":"https:\/\/zl.jewelry\/product\/decorative-cross-gentle\/"},"modified":"2025-09-26T18:27:17","modified_gmt":"2025-09-26T18:27:17","slug":"decorative-cross-gentle","status":"publish","type":"product","link":"https:\/\/zl.jewelry\/pl\/product\/decorative-cross-gentle\/","title":{"rendered":"Krzy\u017c ozdobny &#8222;Delicate&#8221;"},"content":{"rendered":"<p>Krzy\u017cyk z czerwonego z\u0142ota o wadze 1,31 grama. Wysoko\u015b\u0107 krzy\u017cyka wynosi ok. 40 mm, wstawione kamienie Swarovskiego, \u015brednica ok. 1,5 mm.<\/p>\n<p>_x000D_<\/p>\n","protected":false},"excerpt":{"rendered":"<p>Krzy\u017cyk z czerwonego z\u0142ota o wadze 1,31 grama. Wysoko\u015b\u0107 krzy\u017cyka wynosi ok. 40 mm, wstawione kamienie Swarovskiego, \u015brednica ok. 1,5 mm. _x000D_<\/p>\n","protected":false},"featured_media":35985,"template":"","meta":{"_acf_changed":false},"product_brand":[],"product_cat":[504,506,512,513],"product_tag":[],"class_list":{"0":"post-45894","1":"product","2":"type-product","3":"status-publish","4":"has-post-thumbnail","6":"product_cat-golden-crosses-pl","7":"product_cat-crosses-with-stones-pl","8":"product_cat-with-diamonds-pl","9":"product_cat-womens-crosses-pl","11":"first","12":"instock","13":"product-type-simple"},"acf":[],"_links":{"self":[{"href":"https:\/\/zl.jewelry\/pl\/wp-json\/wp\/v2\/product\/45894","targetHints":{"allow":["GET"]}}],"collection":[{"href":"https:\/\/zl.jewelry\/pl\/wp-json\/wp\/v2\/product"}],"about":[{"href":"https:\/\/zl.jewelry\/pl\/wp-json\/wp\/v2\/types\/product"}],"wp:featuredmedia":[{"embeddable":true,"href":"https:\/\/zl.jewelry\/pl\/wp-json\/wp\/v2\/media\/35985"}],"wp:attachment":[{"href":"https:\/\/zl.jewelry\/pl\/wp-json\/wp\/v2\/media?parent=45894"}],"wp:term":[{"taxonomy":"product_brand","embeddable":true,"href":"https:\/\/zl.jewelry\/pl\/wp-json\/wp\/v2\/product_brand?post=45894"},{"taxonomy":"product_cat","embeddable":true,"href":"https:\/\/zl.jewelry\/pl\/wp-json\/wp\/v2\/product_cat?post=45894"},{"taxonomy":"product_tag","embeddable":true,"href":"https:\/\/zl.jewelry\/pl\/wp-json\/wp\/v2\/product_tag?post=45894"}],"curies":[{"name":"wp","href":"https:\/\/api.w.org\/{rel}","templated":true}]}}