{"id":45880,"date":"2025-06-18T10:56:11","date_gmt":"2025-06-18T10:56:11","guid":{"rendered":"https:\/\/zl.jewelry\/product\/cross-from-saint-demetrius-of-thessalonica\/"},"modified":"2025-09-26T18:27:16","modified_gmt":"2025-09-26T18:27:16","slug":"cross-from-saint-demetrius-of-thessalonica","status":"publish","type":"product","link":"https:\/\/zl.jewelry\/pl\/product\/cross-from-saint-demetrius-of-thessalonica\/","title":{"rendered":"Krzy\u017c \u015bwi\u0119tego Demetriusza z Salonik"},"content":{"rendered":"<p>Krzy\u017c na drewnie Eben, waga z\u0142ota 20 gram\u00f3w na wysoko\u015bci 60 mm z uchem. Podstawa z czerwonego z\u0142ota, krucyfiks i twarz Demetriusza z Tesaloniki z bia\u0142ego z\u0142ota pokrytego rodem. Z przodu krucyfiks z bia\u0142ego z\u0142ota, po bokach wstawki &quot;\u0425\u0421&quot;, \u0406\u0421&quot;, &quot;CS&quot;, &quot;GA&quot;, kt\u00f3re wewn\u0105trz pokryte czarn\u0105 emali\u0105, na uchu chrisma, obszar, kt\u00f3ry jest r\u00f3wnie\u017c pokryty emali\u0105. Z ty\u0142u na \u015brodku znajduje si\u0119 wizerunek Demetriusza z So\u0142unia w bia\u0142ym z\u0142ocie, s\u0105 te\u017c wstawki, kt\u00f3re s\u0105 r\u00f3wnie\u017c pokryte emali\u0105&nbsp;<\/p>\n","protected":false},"excerpt":{"rendered":"<p>Krzy\u017c na drewnie Eben, waga z\u0142ota 20 gram\u00f3w na wysoko\u015bci 60 mm z uchem. Podstawa z czerwonego z\u0142ota, krucyfiks i twarz Demetriusza z Tesaloniki z bia\u0142ego z\u0142ota pokrytego rodem. Z przodu krucyfiks z bia\u0142ego z\u0142ota, po bokach wstawki &quot;\u0425\u0421&quot;, \u0406\u0421&quot;, &quot;CS&quot;, &quot;GA&quot;, kt\u00f3re wewn\u0105trz pokryte czarn\u0105 emali\u0105, na uchu chrisma, obszar, kt\u00f3ry jest r\u00f3wnie\u017c pokryty&#8230;<\/p>\n","protected":false},"featured_media":45881,"template":"","meta":{"_acf_changed":false},"product_brand":[],"product_cat":[504,510,511],"product_tag":[],"class_list":{"0":"post-45880","1":"product","2":"type-product","3":"status-publish","4":"has-post-thumbnail","6":"product_cat-golden-crosses-pl","7":"product_cat-mens-crosses-pl","8":"product_cat-on-an-ebony-tree-2-pl","10":"first","11":"instock","12":"product-type-simple"},"acf":[],"_links":{"self":[{"href":"https:\/\/zl.jewelry\/pl\/wp-json\/wp\/v2\/product\/45880","targetHints":{"allow":["GET"]}}],"collection":[{"href":"https:\/\/zl.jewelry\/pl\/wp-json\/wp\/v2\/product"}],"about":[{"href":"https:\/\/zl.jewelry\/pl\/wp-json\/wp\/v2\/types\/product"}],"wp:featuredmedia":[{"embeddable":true,"href":"https:\/\/zl.jewelry\/pl\/wp-json\/wp\/v2\/media\/45881"}],"wp:attachment":[{"href":"https:\/\/zl.jewelry\/pl\/wp-json\/wp\/v2\/media?parent=45880"}],"wp:term":[{"taxonomy":"product_brand","embeddable":true,"href":"https:\/\/zl.jewelry\/pl\/wp-json\/wp\/v2\/product_brand?post=45880"},{"taxonomy":"product_cat","embeddable":true,"href":"https:\/\/zl.jewelry\/pl\/wp-json\/wp\/v2\/product_cat?post=45880"},{"taxonomy":"product_tag","embeddable":true,"href":"https:\/\/zl.jewelry\/pl\/wp-json\/wp\/v2\/product_tag?post=45880"}],"curies":[{"name":"wp","href":"https:\/\/api.w.org\/{rel}","templated":true}]}}