{"id":45854,"date":"2025-06-18T10:56:11","date_gmt":"2025-06-18T10:56:11","guid":{"rendered":"https:\/\/zl.jewelry\/product\/golden-nut\/"},"modified":"2025-09-26T18:27:14","modified_gmt":"2025-09-26T18:27:14","slug":"golden-nut","status":"publish","type":"product","link":"https:\/\/zl.jewelry\/pl\/product\/golden-nut\/","title":{"rendered":"Z\u0142oto orzech"},"content":{"rendered":"<p>Oryginalny m\u0119ski pier\u015bcionek w po\u0142\u0105czeniu koloru bia\u0142ego i czerwonego z\u0142ota, w kszta\u0142cie orzecha. Od strony frontowej powierzchnia jest matowana, na ko\u0144cach znajduj\u0105 si\u0119 kamienie o \u015brednicy oko\u0142o 1,5 mm, wewn\u0119trzna cz\u0119\u015b\u0107 wykonana jest z bia\u0142ego z\u0142ota, kt\u00f3re pokryte jest rodem, r\u00f3wnie\u017c na jego powierzchni&nbsp; wymodelowane napisy, kt\u00f3re pokryte s\u0105 czarn\u0105 emali\u0105. Waga r\u00f3\u017cni si\u0119 w zale\u017cno\u015bci od rozmiaru.&nbsp; Projekt mo\u017ce zosta\u0107 zmieniony zgodnie z \u017cyczeniem klienta..&nbsp;<\/p>\n","protected":false},"excerpt":{"rendered":"<p>Oryginalny m\u0119ski pier\u015bcionek w po\u0142\u0105czeniu koloru bia\u0142ego i czerwonego z\u0142ota, w kszta\u0142cie orzecha. Od strony frontowej powierzchnia jest matowana, na ko\u0144cach znajduj\u0105 si\u0119 kamienie o \u015brednicy oko\u0142o 1,5 mm, wewn\u0119trzna cz\u0119\u015b\u0107 wykonana jest z bia\u0142ego z\u0142ota, kt\u00f3re pokryte jest rodem, r\u00f3wnie\u017c na jego powierzchni&nbsp; wymodelowane napisy, kt\u00f3re pokryte s\u0105 czarn\u0105 emali\u0105. Waga r\u00f3\u017cni si\u0119 w&#8230;<\/p>\n","protected":false},"featured_media":45855,"template":"","meta":{"_acf_changed":false},"product_brand":[],"product_cat":[517,589],"product_tag":[],"class_list":{"0":"post-45854","1":"product","2":"type-product","3":"status-publish","4":"has-post-thumbnail","6":"product_cat-mens-rings-and-seals-pl","7":"product_cat-signet-rings-pl","9":"first","10":"instock","11":"product-type-simple"},"acf":[],"_links":{"self":[{"href":"https:\/\/zl.jewelry\/pl\/wp-json\/wp\/v2\/product\/45854","targetHints":{"allow":["GET"]}}],"collection":[{"href":"https:\/\/zl.jewelry\/pl\/wp-json\/wp\/v2\/product"}],"about":[{"href":"https:\/\/zl.jewelry\/pl\/wp-json\/wp\/v2\/types\/product"}],"wp:featuredmedia":[{"embeddable":true,"href":"https:\/\/zl.jewelry\/pl\/wp-json\/wp\/v2\/media\/45855"}],"wp:attachment":[{"href":"https:\/\/zl.jewelry\/pl\/wp-json\/wp\/v2\/media?parent=45854"}],"wp:term":[{"taxonomy":"product_brand","embeddable":true,"href":"https:\/\/zl.jewelry\/pl\/wp-json\/wp\/v2\/product_brand?post=45854"},{"taxonomy":"product_cat","embeddable":true,"href":"https:\/\/zl.jewelry\/pl\/wp-json\/wp\/v2\/product_cat?post=45854"},{"taxonomy":"product_tag","embeddable":true,"href":"https:\/\/zl.jewelry\/pl\/wp-json\/wp\/v2\/product_tag?post=45854"}],"curies":[{"name":"wp","href":"https:\/\/api.w.org\/{rel}","templated":true}]}}