{"id":45850,"date":"2025-06-18T10:56:11","date_gmt":"2025-06-18T10:56:11","guid":{"rendered":"https:\/\/zl.jewelry\/product\/ring-lion\/"},"modified":"2025-09-26T18:27:13","modified_gmt":"2025-09-26T18:27:13","slug":"ring-lion","status":"publish","type":"product","link":"https:\/\/zl.jewelry\/pl\/product\/ring-lion\/","title":{"rendered":"Pier\u015bcionek &#8222;Lew&#8221;"},"content":{"rendered":"<p>M\u0119ski pier\u015bcionek z czerwonego z\u0142ota z onyksem w \u015brodku. Waga r\u00f3\u017cni si\u0119 w zale\u017cno\u015bci od rozmiaru. Po\u015brodku przedniej cz\u0119\u015bci wizerunek lwa, na oczach i grzywie wstawione kamienie o \u015brednicy 1.00mm. Mo\u017cliwe jest zamontowanie dowolnych kamieni zgodnie z \u017cyczeniem klienta.<\/p>\n","protected":false},"excerpt":{"rendered":"<p>M\u0119ski pier\u015bcionek z czerwonego z\u0142ota z onyksem w \u015brodku. Waga r\u00f3\u017cni si\u0119 w zale\u017cno\u015bci od rozmiaru. Po\u015brodku przedniej cz\u0119\u015bci wizerunek lwa, na oczach i grzywie wstawione kamienie o \u015brednicy 1.00mm. Mo\u017cliwe jest zamontowanie dowolnych kamieni zgodnie z \u017cyczeniem klienta.<\/p>\n","protected":false},"featured_media":45851,"template":"","meta":{"_acf_changed":false},"product_brand":[],"product_cat":[517,589],"product_tag":[],"class_list":{"0":"post-45850","1":"product","2":"type-product","3":"status-publish","4":"has-post-thumbnail","6":"product_cat-mens-rings-and-seals-pl","7":"product_cat-signet-rings-pl","9":"first","10":"instock","11":"product-type-simple"},"acf":[],"_links":{"self":[{"href":"https:\/\/zl.jewelry\/pl\/wp-json\/wp\/v2\/product\/45850","targetHints":{"allow":["GET"]}}],"collection":[{"href":"https:\/\/zl.jewelry\/pl\/wp-json\/wp\/v2\/product"}],"about":[{"href":"https:\/\/zl.jewelry\/pl\/wp-json\/wp\/v2\/types\/product"}],"wp:featuredmedia":[{"embeddable":true,"href":"https:\/\/zl.jewelry\/pl\/wp-json\/wp\/v2\/media\/45851"}],"wp:attachment":[{"href":"https:\/\/zl.jewelry\/pl\/wp-json\/wp\/v2\/media?parent=45850"}],"wp:term":[{"taxonomy":"product_brand","embeddable":true,"href":"https:\/\/zl.jewelry\/pl\/wp-json\/wp\/v2\/product_brand?post=45850"},{"taxonomy":"product_cat","embeddable":true,"href":"https:\/\/zl.jewelry\/pl\/wp-json\/wp\/v2\/product_cat?post=45850"},{"taxonomy":"product_tag","embeddable":true,"href":"https:\/\/zl.jewelry\/pl\/wp-json\/wp\/v2\/product_tag?post=45850"}],"curies":[{"name":"wp","href":"https:\/\/api.w.org\/{rel}","templated":true}]}}