{"id":45838,"date":"2025-06-18T10:56:16","date_gmt":"2025-06-18T10:56:16","guid":{"rendered":"https:\/\/zl.jewelry\/product\/ring-tender-confession\/"},"modified":"2025-09-26T18:27:21","modified_gmt":"2025-09-26T18:27:21","slug":"ring-tender-confession","status":"publish","type":"product","link":"https:\/\/zl.jewelry\/pl\/product\/ring-tender-confession\/","title":{"rendered":"Pier\u015bcie\u0144 &#8222;Tender confession&#8221;"},"content":{"rendered":"<p>Pier\u015bcionek zar\u0119czynowy z po\u0142\u0105czenia cytrynu i bia\u0142ego z\u0142ota. Waga r&oacute;\u017cni si\u0119 w zale\u017cno\u015bci od rozmiaru, przy rozmiarze 15,5 waga z\u0142ota w bi\u017cuterii wynosi 2,50 grama. Shinka z cytrynowego z\u0142ota, odlewana z bia\u0142ego z\u0142ota, rodowana. Kamie\u0144 ma oko\u0142o 3,00 mm \u015brednicy, dowolny kamie\u0144 mo\u017ce by\u0107 osadzony zgodnie z \u017cyczeniem klienta..<\/p>\n<p>_x000D_<\/p>\n","protected":false},"excerpt":{"rendered":"<p>Pier\u015bcionek zar\u0119czynowy z po\u0142\u0105czenia cytrynu i bia\u0142ego z\u0142ota. Waga r&oacute;\u017cni si\u0119 w zale\u017cno\u015bci od rozmiaru, przy rozmiarze 15,5 waga z\u0142ota w bi\u017cuterii wynosi 2,50 grama. Shinka z cytrynowego z\u0142ota, odlewana z bia\u0142ego z\u0142ota, rodowana. Kamie\u0144 ma oko\u0142o 3,00 mm \u015brednicy, dowolny kamie\u0144 mo\u017ce by\u0107 osadzony zgodnie z \u017cyczeniem klienta.. _x000D_<\/p>\n","protected":false},"featured_media":45839,"template":"","meta":{"_acf_changed":false},"product_brand":[],"product_cat":[523,524,525],"product_tag":[],"class_list":{"0":"post-45838","1":"product","2":"type-product","3":"status-publish","4":"has-post-thumbnail","6":"product_cat-engagement-rings-pl","7":"product_cat-engagement-rings-with-diamonds-pl","8":"product_cat-lemon-gold-engagement-rings-pl","10":"first","11":"instock","12":"product-type-simple"},"acf":[],"_links":{"self":[{"href":"https:\/\/zl.jewelry\/pl\/wp-json\/wp\/v2\/product\/45838","targetHints":{"allow":["GET"]}}],"collection":[{"href":"https:\/\/zl.jewelry\/pl\/wp-json\/wp\/v2\/product"}],"about":[{"href":"https:\/\/zl.jewelry\/pl\/wp-json\/wp\/v2\/types\/product"}],"wp:featuredmedia":[{"embeddable":true,"href":"https:\/\/zl.jewelry\/pl\/wp-json\/wp\/v2\/media\/45839"}],"wp:attachment":[{"href":"https:\/\/zl.jewelry\/pl\/wp-json\/wp\/v2\/media?parent=45838"}],"wp:term":[{"taxonomy":"product_brand","embeddable":true,"href":"https:\/\/zl.jewelry\/pl\/wp-json\/wp\/v2\/product_brand?post=45838"},{"taxonomy":"product_cat","embeddable":true,"href":"https:\/\/zl.jewelry\/pl\/wp-json\/wp\/v2\/product_cat?post=45838"},{"taxonomy":"product_tag","embeddable":true,"href":"https:\/\/zl.jewelry\/pl\/wp-json\/wp\/v2\/product_tag?post=45838"}],"curies":[{"name":"wp","href":"https:\/\/api.w.org\/{rel}","templated":true}]}}